{"id":7812,"date":"2023-04-10T19:13:59","date_gmt":"2023-04-10T17:13:59","guid":{"rendered":"https:\/\/foresa.com\/privacy\/"},"modified":"2025-02-27T22:54:56","modified_gmt":"2025-02-27T20:54:56","slug":"politica-de-privacidade","status":"publish","type":"page","link":"https:\/\/foresa.com\/pt-pt\/politica-de-privacidade\/","title":{"rendered":"Pol\u00edtica de Privacidade"},"content":{"rendered":"\t\t<div data-elementor-type=\"wp-page\" data-elementor-id=\"7812\" class=\"elementor elementor-7812 elementor-3\" data-elementor-post-type=\"page\">\n\t\t\t\t<div class=\"elementor-element elementor-element-3f70ceb e-flex e-con-boxed e-con e-parent\" data-id=\"3f70ceb\" data-element_type=\"container\" data-e-type=\"container\" data-settings=\"{&quot;jet_parallax_layout_list&quot;:[]}\">\n\t\t\t\t\t<div class=\"e-con-inner\">\n\t\t\t\t<div class=\"elementor-element elementor-element-829e655 elementor-widget elementor-widget-text-editor\" data-id=\"829e655\" data-element_type=\"widget\" data-e-type=\"widget\" data-widget_type=\"text-editor.default\">\n\t\t\t\t<div class=\"elementor-widget-container\">\n\t\t\t\t\t\t\t\t\t<h1>Pol\u00edtica de Privacidade<\/h1>\r\n<h2>Pol\u00edtica de Privacidade de FORESA, INDUSTRIAS QUIMICAS DEL NOROESTE, S.A.<\/h2>\r\n<p>Em conformidade com a legisla\u00e7\u00e3o em vigor sobre prote\u00e7\u00e3o de dados, Regulamento (UE) 2016\/679 do Parlamento Europeu e do Conselho de 27 de abril de 2016 (RGPD), Lei Org\u00e2nica sobre a Prote\u00e7\u00e3o de Dados Pessoais e Garantia de Direitos Digitais (LOPGDD, 3\/2018 &#8211; Espanha), informamos sobre a Pol\u00edtica de Prote\u00e7\u00e3o de Dados Pessoais, no que diz respeito ao tratamento de dados pessoais, que abaixo pormenorizada.<\/p>\r\n<h2>Respons\u00e1vel pelo tratamento de dados pessoais<\/h2>\r\n<p>O respons\u00e1vel pelo tratamento de dados \u00e9 a pessoa jur\u00eddica que determina as finalidades e os meios de tratamento dos dados pessoais.<\/p>\r\n<p>Por outras palavras, o respons\u00e1vel pelo tratamento decide como e para que finalidades os dados pessoais s\u00e3o tratados.<\/p>\r\n<p>Para efeitos da presente Pol\u00edtica de Prote\u00e7\u00e3o de Dados, o respons\u00e1vel pelo tratamento dos dados pessoais \u00e9:<\/p>\r\n<ul>\r\n<li>Denomina\u00e7\u00e3o social: FORESA, INDUSTRIAS QUIMICAS DEL NOROESTE, S.A. (FORESA)<\/li>\r\n<li>NIF: A28141224<\/li>\r\n<li>Inscrita no Registo Comercial de Pontevedra, Folha PO-9599 Toma 1320 Folio 38<\/li>\r\n<li>Sede social: Avda. de Do\u00f1a Urraca no 91 (Apt. 8), cp 36650 Caldas de Reis (Pontevedra) Espanha<\/li>\r\n<li>Tel.: +34 986 05 92 00<\/li>\r\n<li>Fax: +34 986 54 08 55<\/li>\r\n<li>e-mail: privacidad@foresa.com<\/li>\r\n<\/ul>\r\n<h2>Que dados pessoais tratamos e como os protegemos?<\/h2>\r\n<p>Dados pessoais s\u00e3o quaisquer informa\u00e7\u00f5es sobre uma pessoa singular identificada ou identific\u00e1vel.<\/p>\r\n<p>Para as finalidades estabelecidas nesta Pol\u00edtica de Privacidade, o respons\u00e1vel recolhe e trata os dados pessoais explicados em cada tipo de tratamento, e que depender\u00e3o dos diferentes servi\u00e7os que o utilizador solicitar ou da rela\u00e7\u00e3o contratual que mant\u00e9m com a nossa entidade.<\/p>\r\n<p>A nossa organiza\u00e7\u00e3o est\u00e1 empenhada em trat\u00e1-los com total confidencialidade e aplicar medidas de seguran\u00e7a f\u00edsicas, t\u00e9cnicas e organizacionais adequadas para proteger os seus dados pessoais.<\/p>\r\n<p>O utilizador garante e \u00e9 respons\u00e1vel, em qualquer caso, pela veracidade, exatid\u00e3o, validade e autenticidade dos dados pessoais fornecidos \u00a0 \r\n e compromete-se a mant\u00ea-los devidamente atualizados.<\/p> \u00a0 \r\n\r\n<h2>Processamento de dados de \u00abCandidaturas a emprego\u00bb<\/h2>\r\n<h3>1. Que tipo de dados pessoais tratamos?<\/h3>\r\n<ul>\r\n<li>Dados identificativos: nome, CC, data de nascimento, morada, telefone, endere\u00e7o de email, imagem.<\/li>\r\n<li>Dados de caracter\u00edsticas pessoais: Sexo, estado civil, nacionalidade, idade, data e local de nascimento.<\/li>\r\n<li>Dados acad\u00e9micos e profissionais: profiss\u00e3o, cargo, experi\u00eancia, qualifica\u00e7\u00f5es.<\/li>\r\n<\/ul>\r\n<h3>2. Com que finalidade tratamos os seus dados pessoais?<\/h3>\r\n<p>Processamos os dados pessoais que nos fornece para a gest\u00e3o dos processos de sele\u00e7\u00e3o da empresa.<\/p>\r\n<p>Os dados pessoais fornecidos ser\u00e3o mantidos enquanto o interessado n\u00e3o retirar o consentimento para continuarmos a guardar o seu <i>curriculum vitae<\/i> para futuros processos de sele\u00e7\u00e3o.<\/p>\r\n<p>Em qualquer caso, os CV ser\u00e3o eliminados um ano ap\u00f3s a sua submiss\u00e3o.<\/p>\r\n<h3>3. Qual \u00e9 a legitimidade para o tratamento dos seus dados?<\/h3>\r\n<p>A base legal para o tratamento dos seus dados \u00e9 o consentimento expresso solicitado.<\/p>\r\n<h3>4. A que destinat\u00e1rios ser\u00e3o comunicados os seus dados?<\/h3>\r\n<p>Os seus dados poder\u00e3o ser transferidos para as empresas do grupo FINSA, grupo de empresas ao qual pertence a FORESA e cuja empresa-m\u00e3e \u00e9 a FINANCIERA MADERERA, S.A, para o qual \u00e9 obtido o seu consentimento:<\/p>\r\n<p>Empresas do grupo FINSA para as quais os seus dados poder\u00e3o ser transferidos:<\/p>\r\n<ul>\r\n<li>FINANCIERA MADERERA, S.A<\/li>\r\n<li>BRESFOR, INDUSTRIA DO FORMOL, S.A.<\/li>\r\n<li>FORESA FRANCE, S.A.S<\/li>\r\n<li>NORFIN LOGISTICS, S.L<\/li>\r\n<li>FORESA TECHNOLOGIES, S.L.<\/li>\r\n<\/ul>\r\n<p>Os seus dados pessoais n\u00e3o ser\u00e3o transferidos para nenhuma entidade externa ao grupo.<\/p>\r\n<p>N\u00e3o s\u00e3o realizadas transfer\u00eancias de dados para fora da UE.<\/p>\r\n<h2>Tratamento de dados de \u00abClientes e Fornecedores\u00bb<\/h2>\r\n<h3>1. Que tipo de dados pessoais tratamos?<\/h3>\r\n<ul>\r\n<li>Dados identificativos: nome, CC, morada, telefone, endere\u00e7o de email.<\/li>\r\n<li>Dados financeiros: conta banc\u00e1ria, dados do cart\u00e3o de cr\u00e9dito.<\/li>\r\n<li>Dados acad\u00e9micos e profissionais: profiss\u00e3o, cargo, experi\u00eancia, qualifica\u00e7\u00f5es.<\/li>\r\n<li>Dados relativos \u00e0s transa\u00e7\u00f5es: produtos e servi\u00e7os fornecidos.<\/li>\r\n<\/ul>\r\n<h3>2. Com que finalidade tratamos os seus dados pessoais?<\/h3>\r\n<p>Tratamos os dados pessoais que nos fornece para a gest\u00e3o dos dados dos clientes e fornecedores da empresa, para manter a rela\u00e7\u00e3o comercial, a gest\u00e3o contabil\u00edstica, administrativa e de fatura\u00e7\u00e3o, bem como as obriga\u00e7\u00f5es fiscais.<\/p>\r\n<p>Tamb\u00e9m est\u00e1 prevista a finalidade de publicidade e prospe\u00e7\u00e3o comercial, para manter a rela\u00e7\u00e3o comercial entre as partes.<\/p>\r\n<p>Os dados pessoais fornecidos ser\u00e3o conservados enquanto a rela\u00e7\u00e3o comercial for mantida.<\/p>\r\n<p>Caso decida cancelar os seus dados pessoais, estes poder\u00e3o ser conservados nas nossas bases de dados durante os prazos previstos na lei para cumprimento de obriga\u00e7\u00f5es fiscais e contabil\u00edsticas, e ser\u00e3o eliminados uma vez expirados os referidos prazos legais ou aplic\u00e1veis.<\/p>\r\n<h3>3. Qual \u00e9 a legitimidade para o tratamento dos seus dados?<\/h3>\r\n<p>A base legal para o tratamento dos seus dados \u00e9 a execu\u00e7\u00e3o de um contrato, bem como o cumprimento de uma obriga\u00e7\u00e3o legal do respons\u00e1vel.<\/p> \u00a0 \r\n\r\n<p>A comunica\u00e7\u00e3o de ofertas e promo\u00e7\u00f5es que possam ser do seu interesse baseia-se no interesse leg\u00edtimo de manter a rela\u00e7\u00e3o comercial entre as partes.<\/p>\r\n<h3>4. A que destinat\u00e1rios ser\u00e3o comunicados os seus dados?<\/h3>\r\n<p>Informamos que os seus dados poder\u00e3o ser comunicados \u00e0 empresa-m\u00e3e do Grupo de Empresas FINSA, que \u00e9 a FINANCIERA MADERERA, S.A ou a terceiros que prestem servi\u00e7os relacionados com as finalidades de tratamento para as quais os dados foram recolhidos, e sujeito ao seu consentimento quando seja necess\u00e1rio.<\/p>\r\n<p>Al\u00e9m disso, os seus dados n\u00e3o ser\u00e3o transferidos para pa\u00edses fora da Uni\u00e3o Europeia, exceto por motivos de presta\u00e7\u00e3o de servi\u00e7os t\u00e9cnicos, como quando os servidores dos fornecedores de sistemas ou recursos tecnol\u00f3gicos est\u00e3o alojados fora da Uni\u00e3o Europeia.<\/p>\r\n<p>No entanto, poder\u00e1 ceder os seus dados a terceiros se tal transfer\u00eancia for exigida por lei, por disposi\u00e7\u00e3o regulamentar ou por decis\u00e3o judicial, ou se essa divulga\u00e7\u00e3o for necess\u00e1ria para garantir a prote\u00e7\u00e3o e defesa dos seus direitos.<\/p>\r\n<p>Os seus dados pessoais n\u00e3o ser\u00e3o transferidos para nenhuma entidade, exceto aqueles que sejam necess\u00e1rios a organismos p\u00fablicos por obriga\u00e7\u00e3o legal.<\/p>\r\n<h2>Tratamento de dados de \u00abContactos e potenciais clientes\u00bb<\/h2>\r\n<h3>1. Que tipo de dados pessoais tratamos?<\/h3>\r\n<ul>\r\n<li>Dados identificativos: nome, morada, telefone, endere\u00e7o de email.<\/li>\r\n<\/ul>\r\n<h3>2. Com que finalidade tratamos os seus dados pessoais?<\/h3>\r\n<p>Tratamos os dados pessoais que nos fornece no formul\u00e1rio de contacto para a gest\u00e3o de dados de contactos comerciais e potenciais clientes.<\/p>\r\n<p>Tamb\u00e9m est\u00e1 prevista a finalidade de publicidade e prospe\u00e7\u00e3o comercial, para o qual \u00e9 solicitado o consentimento expresso do interessado.<\/p>\r\n<p>Os dados pessoais fornecidos ser\u00e3o conservados enquanto a rela\u00e7\u00e3o comercial for mantida.<\/p>\r\n<p>Caso decida cancelar os seus dados pessoais, estes ser\u00e3o eliminados da nossa base de dados de contactos.<\/p>\r\n<h3>3. Qual \u00e9 a legitimidade para o tratamento dos seus dados?<\/h3>\r\n<p>A base legal para o tratamento dos seus dados \u00e9 o consentimento expresso solicitado.<\/p>\r\n<h3>4. A que destinat\u00e1rios ser\u00e3o comunicados os seus dados?<\/h3>\r\n<p>Os dados poder\u00e3o ser comunicados a respons\u00e1veis pelo tratamento que realizem tarefas de gest\u00e3o de envio de comunica\u00e7\u00f5es, bem como de gest\u00e3o de redes sociais.<\/p>\r\n<p>N\u00e3o s\u00e3o realizadas transfer\u00eancias internacionais de dados para pa\u00edses fora da UE.<\/p>\r\n<h2>Tratamento de dados de \u00abSeguran\u00e7a\u00bb<\/h2>\r\n<h3>1. Que tipo de dados pessoais tratamos?<\/h3>\r\n<ul>\r\n<li>Dados identificativos: nome, CC, morada, telefone, assinatura, imagem\/voz.<\/li>\r\n<\/ul>\r\n<h3>2. Com que finalidade tratamos os seus dados pessoais?<\/h3>\r\n<p>Tratamos os dados pessoais para garantir a seguran\u00e7a das instala\u00e7\u00f5es da empresa atrav\u00e9s da grava\u00e7\u00e3o de imagens de v\u00eddeo (v\u00eddeovigil\u00e2ncia).<\/p>\r\n<p>Tamb\u00e9m tratamos os dados para gerir o controlo de acesso.<\/p>\r\n<p>Os dados pessoais ser\u00e3o conservados no m\u00e1ximo durante os prazos legais previstos (um m\u00eas).<\/p>\r\n<h3>3. Qual \u00e9 a legitimidade para o tratamento dos seus dados?<\/h3>\r\n<p>A base legal para o tratamento dos seus dados \u00e9 a satisfa\u00e7\u00e3o dos interesses leg\u00edtimos prosseguidos pelo respons\u00e1vel pelo tratamento.<\/p>\r\n<h3>4. A que destinat\u00e1rios ser\u00e3o comunicados os seus dados?<\/h3>\r\n<p>Os seus dados poder\u00e3o ser comunicados \u00e0 PROTECCION E INTEGRIDAD, S.A (PROINSA), entidade respons\u00e1vel pelo tratamento dos dados de seguran\u00e7a, bem como a empresas de instala\u00e7\u00e3o e manuten\u00e7\u00e3o de servi\u00e7os de alarme e controlo de acessos.<\/p>\r\n<p>Os seus dados pessoais n\u00e3o ser\u00e3o cedidos a nenhuma entidade, exceto aqueles que sejam necess\u00e1rios \u00e0s For\u00e7as e Corpos de Seguran\u00e7a por obriga\u00e7\u00e3o legal.<\/p>\r\n<p>Tamb\u00e9m n\u00e3o est\u00e3o previstas transfer\u00eancias internacionais de dados pessoais.<\/p>\r\n<h2>Quais s\u00e3o os seus direitos quando nos fornece os seus dados?<\/h2>\r\n<p>De acordo com a legisla\u00e7\u00e3o sobre prote\u00e7\u00e3o de dados aplic\u00e1vel, tem uma s\u00e9rie de direitos em rela\u00e7\u00e3o ao tratamento dos seus dados pessoais.<\/p>\r\n<p>O exerc\u00edcio destes direitos ser\u00e1 gratuito para o utilizador, exceto nos casos em que sejam feitos pedidos manifestamente infundados ou excessivos, especialmente por serem repetitivos.<\/p>\r\n<p>Estes direitos s\u00e3o os seguintes:<\/p>\r\n<p>a. Direito \u00e0 informa\u00e7\u00e3o: Tem o direito a ser informado de forma concisa, transparente, intelig\u00edvel e facilmente acess\u00edvel, com linguagem clara e simples, sobre a utiliza\u00e7\u00e3o e tratamento dos seus dados pessoais.<\/p>\r\n<p>b. Direito de acesso: Tem o direito de nos solicitar, a qualquer momento, para confirmar se estamos a tratar os seus dados pessoais, o acesso aos mesmos e informa\u00e7\u00f5es sobre o seu tratamento e a obter uma c\u00f3pia dos referidos dados.<\/p>\r\n<p>A c\u00f3pia dos seus dados pessoais que lhe fornecermos ser\u00e1 gratuita, embora o pedido de c\u00f3pias adicionais possa estar sujeito a uma determinada taxa baseada em custos administrativos.<\/p>\r\n<p>Da nossa parte, poderemos pedir-lhe que comprove a sua identidade ou solicitar mais informa\u00e7\u00f5es que sejam necess\u00e1rias para processar o seu pedido.<\/p>\r\n<p>c. Direito de retifica\u00e7\u00e3o: Tem o direito de solicitar a retifica\u00e7\u00e3o dos dados pessoais inexatos, desatualizados ou incompletos que lhe digam respeito.<\/p>\r\n<p>Tamb\u00e9m poder\u00e1 solicitar o preenchimento de dados pessoais incompletos, inclusive atrav\u00e9s de uma declara\u00e7\u00e3o adicional.<\/p>\r\n<p>d. Direito \u00e0 elimina\u00e7\u00e3o: Tem o direito de solicitar a elimina\u00e7\u00e3o dos seus dados pessoais quando, entre outros motivos, os dados j\u00e1 n\u00e3o forem necess\u00e1rios para os fins para os quais foram recolhidos.<\/p>\r\n<p>No entanto, este direito n\u00e3o \u00e9 absoluto, pelo que a nossa organiza\u00e7\u00e3o poder\u00e1 continuar a mant\u00ea-los devidamente bloqueados nos casos previstos na legisla\u00e7\u00e3o aplic\u00e1vel.<\/p>\r\n<p>e. Direito a limitar o tratamento: Tem o direito de solicitar que limitemos o tratamento dos seus dados pessoais, o que significa que poderemos continuar a armazen\u00e1-los, mas n\u00e3o continuar a trat\u00e1-los se alguma das seguintes condi\u00e7\u00f5es for cumprida:<\/p>\r\n<ul>\r\n<li>se contestar a exatid\u00e3o dos dados, durante um per\u00edodo que permita ao respons\u00e1vel verificar a exatid\u00e3o dos mesmos;<\/li>\r\n<li>se o tratamento for il\u00edcito e o utilizador se oponha \u00e0 elimina\u00e7\u00e3o dos dados e solicite, em vez disso, a limita\u00e7\u00e3o da sua utiliza\u00e7\u00e3o;<\/li>\r\n<li>se a nossa entidade j\u00e1 n\u00e3o necessitar dos dados para efeitos de tratamento, mas o utilizador necessitar deles para a formula\u00e7\u00e3o, o exerc\u00edcio ou a defesa de reclama\u00e7\u00f5es;<\/li>\r\n<li>se o utilizador se op\u00f5e ao tratamento, enquanto se verifica se os motivos leg\u00edtimos da nossa entidade prevalecem sobre os seus.<\/li>\r\n<\/ul>\r\n<p>f. Direito \u00e0 portabilidade dos dados: O utilizador tem o direito de que seus dados sejam transmitidos a outro respons\u00e1vel pelo tratamento num formato estruturado, comumente usado e leitura mec\u00e2nica.<\/p>\r\n<p>Este direito aplica-se quando o tratamento dos seus dados pessoais se baseia no consentimento ou na execu\u00e7\u00e3o de um contrato \u00a0 \r\n e esse tratamento \u00e9 realizado atrav\u00e9s de meios automatizados.<\/p>\r\n<p>g. Direito de oposi\u00e7\u00e3o: Este direito permite-lhe opor-se ao tratamento dos seus dados pessoais, incluindo a elabora\u00e7\u00e3o de perfis.<\/p> \u00a0 \r\n\r\n<p>N\u00e3o poderemos atender o seu direito quando tratarmos os seus dados caso comprovemos motivos leg\u00edtimos para o tratamento ou para a formula\u00e7\u00e3o, exerc\u00edcio ou defesa de reclama\u00e7\u00f5es.<\/p>\r\n<p>h. Direito a n\u00e3o estar sujeito a decis\u00f5es automatizadas, incluindo perfis: Este direito permite-lhe n\u00e3o ficar sujeito a uma decis\u00e3o baseada exclusivamente no tratamento automatizado, incluindo a elabora\u00e7\u00e3o de perfis, que produza &#8211; tal decis\u00e3o &#8211; efeitos jur\u00eddicos ou que o afete de forma semelhante.<\/p>\r\n<p>Exceto se tal decis\u00e3o seja necess\u00e1ria para a celebra\u00e7\u00e3o ou execu\u00e7\u00e3o de um contrato, seja autorizada por lei ou se baseie no consentimento.<\/p>\r\n<p>i. Direito a retirar o consentimento: Caso tenhamos obtido o seu consentimento para tratar os seus dados pessoais relativamente a determinadas atividades (por exemplo, para efeitos de envio de comunica\u00e7\u00f5es comerciais), poder\u00e1 retirar o seu consentimento a qualquer momento.<\/p>\r\n<p>Desta forma, deixaremos de realizar essa atividade espec\u00edfica para a qual previamente tinha dado o seu consentimento, a menos que exista outro motivo que justifique a continuidade do tratamento dos seus dados para estes fins, em cujo caso o notificaremos dessa situa\u00e7\u00e3o.<\/p>\r\n<p>j. Direito a apresentar uma reclama\u00e7\u00e3o perante uma autoridade de controlo: Tem o direito a apresentar uma reclama\u00e7\u00e3o perante a Ag\u00eancia Espanhola de Prote\u00e7\u00e3o de Dados (AEPD), C\/ Jorge Juan, 6, 28001 Madrid, Espanha + 34 901 100 099 &#8211; +34 912 663 517 (www.agpd.es), ou atrav\u00e9s do endere\u00e7o de email: https:\/\/sedeagpd.gob.es\/sede-electronica-web\/vistas\/formQuejasSugerencias\/seleccionarQuejaSugerencia.jsf<\/p>\r\n<p>Poder\u00e1 exercer os direitos acima indicados enviando-nos uma comunica\u00e7\u00e3o para o endere\u00e7o f\u00edsico ou de email indicados (privacidad@foresa.com), fornecendo os dados necess\u00e1rios para processar a sua solicita\u00e7\u00e3o.<\/p>\r\n<p>Os interessados podem obter informa\u00e7\u00f5es adicionais sobre os seus direitos no <i>site<\/i> da Ag\u00eancia Espanhola de Prote\u00e7\u00e3o de Dados, www.agpd.es.<\/p>\t\t\t\t\t\t\t\t<\/div>\n\t\t\t\t<\/div>\n\t\t\t\t\t<\/div>\n\t\t\t\t<\/div>\n\t\t\t\t<\/div>\n\t\t","protected":false},"excerpt":{"rendered":"","protected":false},"author":1,"featured_media":0,"parent":0,"menu_order":0,"comment_status":"closed","ping_status":"closed","template":"","meta":{"footnotes":""},"class_list":["post-7812","page","type-page","status-publish","hentry"],"_links":{"self":[{"href":"https:\/\/foresa.com\/pt-pt\/wp-json\/wp\/v2\/pages\/7812","targetHints":{"allow":["GET"]}}],"collection":[{"href":"https:\/\/foresa.com\/pt-pt\/wp-json\/wp\/v2\/pages"}],"about":[{"href":"https:\/\/foresa.com\/pt-pt\/wp-json\/wp\/v2\/types\/page"}],"author":[{"embeddable":true,"href":"https:\/\/foresa.com\/pt-pt\/wp-json\/wp\/v2\/users\/1"}],"replies":[{"embeddable":true,"href":"https:\/\/foresa.com\/pt-pt\/wp-json\/wp\/v2\/comments?post=7812"}],"version-history":[{"count":2,"href":"https:\/\/foresa.com\/pt-pt\/wp-json\/wp\/v2\/pages\/7812\/revisions"}],"predecessor-version":[{"id":7818,"href":"https:\/\/foresa.com\/pt-pt\/wp-json\/wp\/v2\/pages\/7812\/revisions\/7818"}],"wp:attachment":[{"href":"https:\/\/foresa.com\/pt-pt\/wp-json\/wp\/v2\/media?parent=7812"}],"curies":[{"name":"wp","href":"https:\/\/api.w.org\/{rel}","templated":true}]}}