{"id":7595,"date":"2023-07-21T13:06:50","date_gmt":"2023-07-21T11:06:50","guid":{"rendered":"https:\/\/foresa.com\/empleo\/"},"modified":"2025-02-27T23:50:32","modified_gmt":"2025-02-27T21:50:32","slug":"emprego","status":"publish","type":"page","link":"https:\/\/foresa.com\/pt-pt\/emprego\/","title":{"rendered":"Emprego"},"content":{"rendered":"\t\t<div data-elementor-type=\"wp-page\" data-elementor-id=\"7595\" class=\"elementor elementor-7595 elementor-48\" data-elementor-post-type=\"page\">\n\t\t\t\t<div class=\"elementor-element elementor-element-a580a98 e-flex e-con-boxed e-con e-parent\" data-id=\"a580a98\" data-element_type=\"container\" data-e-type=\"container\" data-settings=\"{&quot;jet_parallax_layout_list&quot;:[]}\">\n\t\t\t\t\t<div class=\"e-con-inner\">\n\t\t\t\t<div class=\"elementor-element elementor-element-10c6aad entry-title elementor-widget elementor-widget-heading\" data-id=\"10c6aad\" data-element_type=\"widget\" data-e-type=\"widget\" data-widget_type=\"heading.default\">\n\t\t\t\t<div class=\"elementor-widget-container\">\n\t\t\t\t\t<h1 class=\"elementor-heading-title elementor-size-default\">Emprego<\/h1>\t\t\t\t<\/div>\n\t\t\t\t<\/div>\n\t\t\t\t\t<\/div>\n\t\t\t\t<\/div>\n\t\t<div class=\"elementor-element elementor-element-d5a5c8b e-flex e-con-boxed e-con e-parent\" data-id=\"d5a5c8b\" data-element_type=\"container\" data-e-type=\"container\" data-settings=\"{&quot;jet_parallax_layout_list&quot;:[]}\">\n\t\t\t\t\t<div class=\"e-con-inner\">\n\t\t\t\t<div class=\"elementor-element elementor-element-f7cd7ef elementor-widget elementor-widget-text-editor\" data-id=\"f7cd7ef\" data-element_type=\"widget\" data-e-type=\"widget\" data-widget_type=\"text-editor.default\">\n\t\t\t\t<div class=\"elementor-widget-container\">\n\t\t\t\t\t\t\t\t\t<p><strong>N\u00f3s somos Foresa.<\/strong><br \/>Somos pessoas que n\u00e3o se conformam. Temos inquieta\u00e7\u00f5es, entusiasmo e vontade de aprender num ambiente colaborativo e inovador que acredita na diversidade e na igualdade de oportunidades.<\/p><p>Aqui, a curiosidade e a iniciativa fazem com que nos adaptemos facilmente \u00e0 mudan\u00e7a, que melhoremos ao aceitar novos desafios.<\/p><p><strong>Quer fazer parte desta equipa?<\/strong><\/p>\t\t\t\t\t\t\t\t<\/div>\n\t\t\t\t<\/div>\n\t\t\t\t\t<\/div>\n\t\t\t\t<\/div>\n\t\t<div class=\"elementor-element elementor-element-51b469d e-flex e-con-boxed e-con e-parent\" data-id=\"51b469d\" data-element_type=\"container\" data-e-type=\"container\" data-settings=\"{&quot;jet_parallax_layout_list&quot;:[]}\">\n\t\t\t\t\t<div class=\"e-con-inner\">\n\t\t\t\t<div class=\"elementor-element elementor-element-bf0e1bb elementor-arrows-position-inside elementor-widget elementor-widget-image-carousel\" data-id=\"bf0e1bb\" data-element_type=\"widget\" data-e-type=\"widget\" data-settings=\"{&quot;slides_to_show&quot;:&quot;1&quot;,&quot;navigation&quot;:&quot;arrows&quot;,&quot;autoplay&quot;:&quot;yes&quot;,&quot;pause_on_hover&quot;:&quot;yes&quot;,&quot;pause_on_interaction&quot;:&quot;yes&quot;,&quot;autoplay_speed&quot;:5000,&quot;infinite&quot;:&quot;yes&quot;,&quot;effect&quot;:&quot;slide&quot;,&quot;speed&quot;:500}\" data-widget_type=\"image-carousel.default\">\n\t\t\t\t<div class=\"elementor-widget-container\">\n\t\t\t\t\t\t\t<div class=\"elementor-image-carousel-wrapper swiper\" role=\"region\" aria-roledescription=\"carousel\" aria-label=\"Carrusel de im\u00e1genes\" dir=\"ltr\">\n\t\t\t<div class=\"elementor-image-carousel swiper-wrapper\" aria-live=\"off\">\n\t\t\t\t\t\t\t\t<div class=\"swiper-slide\" role=\"group\" aria-roledescription=\"slide\" aria-label=\"1 of 4\"><figure class=\"swiper-slide-inner\"><img decoding=\"async\" class=\"swiper-slide-image\" src=\"https:\/\/foresa.com\/wp-content\/uploads\/2025\/01\/Rectangulo-1-1.jpg\" alt=\"Operario\" \/><\/figure><\/div><div class=\"swiper-slide\" role=\"group\" aria-roledescription=\"slide\" aria-label=\"2 of 4\"><figure class=\"swiper-slide-inner\"><img decoding=\"async\" class=\"swiper-slide-image\" src=\"https:\/\/foresa.com\/wp-content\/uploads\/2025\/01\/alta_DSC01227-1.jpg\" alt=\"Operaria\" \/><\/figure><\/div><div class=\"swiper-slide\" role=\"group\" aria-roledescription=\"slide\" aria-label=\"3 of 4\"><figure class=\"swiper-slide-inner\"><img decoding=\"async\" class=\"swiper-slide-image\" src=\"https:\/\/foresa.com\/wp-content\/uploads\/2025\/01\/alta_DSC00825-2-1.jpg\" alt=\"Operario\" \/><\/figure><\/div><div class=\"swiper-slide\" role=\"group\" aria-roledescription=\"slide\" aria-label=\"4 of 4\"><figure class=\"swiper-slide-inner\"><img decoding=\"async\" class=\"swiper-slide-image\" src=\"https:\/\/foresa.com\/wp-content\/uploads\/2025\/01\/2-1.jpg\" alt=\"Operario\" \/><\/figure><\/div>\t\t\t<\/div>\n\t\t\t\t\t\t\t\t\t\t\t\t<div class=\"elementor-swiper-button elementor-swiper-button-prev\" role=\"button\" tabindex=\"0\">\n\t\t\t\t\t\t<svg aria-hidden=\"true\" class=\"e-font-icon-svg e-eicon-chevron-left\" viewBox=\"0 0 1000 1000\" xmlns=\"http:\/\/www.w3.org\/2000\/svg\"><path d=\"M646 125C629 125 613 133 604 142L308 442C296 454 292 471 292 487 292 504 296 521 308 533L604 854C617 867 629 875 646 875 663 875 679 871 692 858 704 846 713 829 713 812 713 796 708 779 692 767L438 487 692 225C700 217 708 204 708 187 708 171 704 154 692 142 675 129 663 125 646 125Z\"><\/path><\/svg>\t\t\t\t\t<\/div>\n\t\t\t\t\t<div class=\"elementor-swiper-button elementor-swiper-button-next\" role=\"button\" tabindex=\"0\">\n\t\t\t\t\t\t<svg aria-hidden=\"true\" class=\"e-font-icon-svg e-eicon-chevron-right\" viewBox=\"0 0 1000 1000\" xmlns=\"http:\/\/www.w3.org\/2000\/svg\"><path d=\"M696 533C708 521 713 504 713 487 713 471 708 454 696 446L400 146C388 133 375 125 354 125 338 125 325 129 313 142 300 154 292 171 292 187 292 204 296 221 308 233L563 492 304 771C292 783 288 800 288 817 288 833 296 850 308 863 321 871 338 875 354 875 371 875 388 867 400 854L696 533Z\"><\/path><\/svg>\t\t\t\t\t<\/div>\n\t\t\t\t\n\t\t\t\t\t\t\t\t\t<\/div>\n\t\t\t\t\t\t<\/div>\n\t\t\t\t<\/div>\n\t\t<div class=\"elementor-element elementor-element-3ee0df5 e-con-full e-flex e-con e-child\" data-id=\"3ee0df5\" data-element_type=\"container\" data-e-type=\"container\" data-settings=\"{&quot;jet_parallax_layout_list&quot;:[]}\">\n\t\t\t\t<div class=\"elementor-element elementor-element-790a49e entry-subtitle elementor-widget elementor-widget-heading\" data-id=\"790a49e\" data-element_type=\"widget\" data-e-type=\"widget\" data-widget_type=\"heading.default\">\n\t\t\t\t<div class=\"elementor-widget-container\">\n\t\t\t\t\t<h2 class=\"elementor-heading-title elementor-size-default\">O QUE \u00c9 QUE SE PODE ENCONTRAR?<\/h2>\t\t\t\t<\/div>\n\t\t\t\t<\/div>\n\t\t\t\t<div class=\"elementor-element elementor-element-e8d365f custom-list elementor-widget elementor-widget-text-editor\" data-id=\"e8d365f\" data-element_type=\"widget\" data-e-type=\"widget\" data-widget_type=\"text-editor.default\">\n\t\t\t\t<div class=\"elementor-widget-container\">\n\t\t\t\t\t\t\t\t\t<p>N\u00e3o apenas um emprego<\/p><ul><li><strong>Trabalho e Forma\u00e7\u00e3o<\/strong><br \/>Criamos condi\u00e7\u00f5es para que as pessoas trabalhem num ambiente motivador, inovador e din\u00e2mico. Damos forma\u00e7\u00e3o em profiss\u00f5es e compet\u00eancias. Incentivamos a participa\u00e7\u00e3o em projectos transversais que permitam conhecer a empresa de diferentes perspectivas.<\/li><li><strong>Desenvolvimento<\/strong><br \/>Criamos espa\u00e7os e oportunidades para as pessoas crescerem, assumirem novos desafios e viverem novas experi\u00eancias, tra\u00e7ando assim o seu pr\u00f3prio caminho.<\/li><li><strong>Colabora\u00e7\u00e3o<\/strong><br \/>Entendemos o trabalho como algo colaborativo, por isso promovemos iniciativas que incentivam as rela\u00e7\u00f5es sociais, o trabalho em equipa e a contribui\u00e7\u00e3o da organiza\u00e7\u00e3o como um todo.<br \/>Aqui, vai encontrar pessoas que o v\u00e3o ajudar e acompanhar no seu desenvolvimento profissional.<\/li><\/ul>\t\t\t\t\t\t\t\t<\/div>\n\t\t\t\t<\/div>\n\t\t\t\t<\/div>\n\t\t\t\t\t<\/div>\n\t\t\t\t<\/div>\n\t\t<div class=\"elementor-element elementor-element-aeb90b1 e-flex e-con-boxed e-con e-parent\" data-id=\"aeb90b1\" data-element_type=\"container\" data-e-type=\"container\" data-settings=\"{&quot;jet_parallax_layout_list&quot;:[]}\">\n\t\t\t\t\t<div class=\"e-con-inner\">\n\t\t\t\t<div class=\"elementor-element elementor-element-817e7eb elementor-widget-divider--view-line elementor-widget elementor-widget-divider\" data-id=\"817e7eb\" data-element_type=\"widget\" data-e-type=\"widget\" data-widget_type=\"divider.default\">\n\t\t\t\t<div class=\"elementor-widget-container\">\n\t\t\t\t\t\t\t<div class=\"elementor-divider\">\n\t\t\t<span class=\"elementor-divider-separator\">\n\t\t\t\t\t\t<\/span>\n\t\t<\/div>\n\t\t\t\t\t\t<\/div>\n\t\t\t\t<\/div>\n\t\t\t\t\t<\/div>\n\t\t\t\t<\/div>\n\t\t<div class=\"elementor-element elementor-element-a60fd4c e-flex e-con-boxed e-con e-parent\" data-id=\"a60fd4c\" data-element_type=\"container\" data-e-type=\"container\" data-settings=\"{&quot;jet_parallax_layout_list&quot;:[]}\">\n\t\t\t\t\t<div class=\"e-con-inner\">\n\t\t<div class=\"elementor-element elementor-element-54e0d8b e-con-full e-flex e-con e-child\" data-id=\"54e0d8b\" data-element_type=\"container\" data-e-type=\"container\" data-settings=\"{&quot;jet_parallax_layout_list&quot;:[]}\">\n\t\t\t\t<div class=\"elementor-element elementor-element-78948ca entry-subtitle elementor-widget elementor-widget-heading\" data-id=\"78948ca\" data-element_type=\"widget\" data-e-type=\"widget\" data-widget_type=\"heading.default\">\n\t\t\t\t<div class=\"elementor-widget-container\">\n\t\t\t\t\t<h2 class=\"elementor-heading-title elementor-size-default\">DE QUE PESSOAS ESTAMOS \u00c0 PROCURA?<\/h2>\t\t\t\t<\/div>\n\t\t\t\t<\/div>\n\t\t\t\t<div class=\"elementor-element elementor-element-14896c7 custom-list elementor-widget elementor-widget-text-editor\" data-id=\"14896c7\" data-element_type=\"widget\" data-e-type=\"widget\" data-widget_type=\"text-editor.default\">\n\t\t\t\t<div class=\"elementor-widget-container\">\n\t\t\t\t\t\t\t\t\t<p>Mais do que apenas um perfil<\/p><ul><li><strong>Esp\u00edrito cr\u00edtico<\/strong><br \/>Procuramos pessoas inquietas, que nos tragam novas perspectivas, outra forma de ver as coisas.<\/li><li><strong>Contributo<\/strong><br \/>Procuramos continuar a crescer com pessoas que contribuem para o benef\u00edcio comum do resto da organiza\u00e7\u00e3o.<\/li><li><strong>Responsabilidade<\/strong><br \/>Procuramos pessoas empenhadas e envolvidas, que sintam que a empresa \u00e9 sua.<\/li><li><strong>Liga\u00e7\u00e3o<\/strong><br \/>Procuramos ligar as pessoas num ambiente social e din\u00e2mico.<\/li><li><strong>Curiosidade<\/strong><br \/>Procuramos ir mais longe, atrevemo-nos a explorar novas alternativas, novas formas de fazer as coisas.<\/li><li><strong>Proactividade<\/strong><br \/>Procuramos dinamismo, iniciativa, entusiasmo, vontade de partilhar novas ideias e de as transformar em realidade.<\/li><\/ul>\t\t\t\t\t\t\t\t<\/div>\n\t\t\t\t<\/div>\n\t\t\t\t<\/div>\n\t\t\t\t<div class=\"elementor-element elementor-element-32b05d7 elementor-widget elementor-widget-image\" data-id=\"32b05d7\" data-element_type=\"widget\" data-e-type=\"widget\" data-widget_type=\"image.default\">\n\t\t\t\t<div class=\"elementor-widget-container\">\n\t\t\t\t\t\t\t\t\t\t\t\t\t\t\t<img fetchpriority=\"high\" decoding=\"async\" width=\"1164\" height=\"1694\" src=\"https:\/\/foresa.com\/wp-content\/uploads\/2025\/01\/talento-02-2.jpg\" class=\"attachment-full size-full wp-image-8558\" alt=\"Cient\u00edfica\" srcset=\"https:\/\/foresa.com\/wp-content\/uploads\/2025\/01\/talento-02-2.jpg 1164w, https:\/\/foresa.com\/wp-content\/uploads\/2025\/01\/talento-02-2-206x300.jpg 206w, https:\/\/foresa.com\/wp-content\/uploads\/2025\/01\/talento-02-2-704x1024.jpg 704w, https:\/\/foresa.com\/wp-content\/uploads\/2025\/01\/talento-02-2-768x1118.jpg 768w, https:\/\/foresa.com\/wp-content\/uploads\/2025\/01\/talento-02-2-1055x1536.jpg 1055w\" sizes=\"(max-width: 1164px) 100vw, 1164px\" \/>\t\t\t\t\t\t\t\t\t\t\t\t\t\t\t<\/div>\n\t\t\t\t<\/div>\n\t\t\t\t\t<\/div>\n\t\t\t\t<\/div>\n\t\t<div class=\"elementor-element elementor-element-902ff99 e-flex e-con-boxed e-con e-parent\" data-id=\"902ff99\" data-element_type=\"container\" data-e-type=\"container\" data-settings=\"{&quot;jet_parallax_layout_list&quot;:[]}\">\n\t\t\t\t\t<div class=\"e-con-inner\">\n\t\t\t\t<div class=\"elementor-element elementor-element-6a8fe1b elementor-widget-divider--view-line elementor-widget elementor-widget-divider\" data-id=\"6a8fe1b\" data-element_type=\"widget\" data-e-type=\"widget\" data-widget_type=\"divider.default\">\n\t\t\t\t<div class=\"elementor-widget-container\">\n\t\t\t\t\t\t\t<div class=\"elementor-divider\">\n\t\t\t<span class=\"elementor-divider-separator\">\n\t\t\t\t\t\t<\/span>\n\t\t<\/div>\n\t\t\t\t\t\t<\/div>\n\t\t\t\t<\/div>\n\t\t\t\t\t<\/div>\n\t\t\t\t<\/div>\n\t\t<div class=\"elementor-element elementor-element-99a9422 e-flex e-con-boxed e-con e-parent\" data-id=\"99a9422\" data-element_type=\"container\" data-e-type=\"container\" data-settings=\"{&quot;jet_parallax_layout_list&quot;:[]}\">\n\t\t\t\t\t<div class=\"e-con-inner\">\n\t\t\t\t<div class=\"elementor-element elementor-element-49d770f entry-subtitle elementor-widget elementor-widget-heading\" data-id=\"49d770f\" data-element_type=\"widget\" data-e-type=\"widget\" data-widget_type=\"heading.default\">\n\t\t\t\t<div class=\"elementor-widget-container\">\n\t\t\t\t\t<h2 class=\"elementor-heading-title elementor-size-default\">TRABALHAR NA FORESA<\/h2>\t\t\t\t<\/div>\n\t\t\t\t<\/div>\n\t\t\t\t<div class=\"elementor-element elementor-element-3d14e92 custom-list enla-verde elementor-widget elementor-widget-text-editor\" data-id=\"3d14e92\" data-element_type=\"widget\" data-e-type=\"widget\" data-widget_type=\"text-editor.default\">\n\t\t\t\t<div class=\"elementor-widget-container\">\n\t\t\t\t\t\t\t\t\t<p>Saiba mais sobre o processo de sele\u00e7\u00e3o e como enviar o seu CV<\/p><ol><li><strong>Portal de emprego<\/strong><br \/>Envie-nos o seu CV!<\/li><li><strong>Entrevista inicial com a equipa de pessoal<\/strong><br \/>Se se candidatou diretamente a uma vaga e o seu perfil parece adequado, ser\u00e1 contactado para dar in\u00edcio ao processo de entrevista. Normalmente, realizamos um primeiro contacto telef\u00f3nico e uma entrevista por videochamada ou presencial. Nesta fase, aproveitamos a oportunidade para lhe dar mais informa\u00e7\u00f5es sobre a Foresa e a posi\u00e7\u00e3o espec\u00edfica, e para o conhecer melhor. Podemos tamb\u00e9m efetuar uma entrevista sem necessidade de abertura, para identificar perfis interessantes com vista ao preenchimento de futuras vagas.<\/li><li><strong>Outras entrevistas e estudos de caso<\/strong><br \/>Ao longo do processo, podem participar diferentes pessoas com diferentes fun\u00e7\u00f5es na empresa, para que possam dar a sua opini\u00e3o sobre a pessoa que est\u00e1 a ser avaliada e para que a decis\u00e3o seja o mais objetiva poss\u00edvel.\u00a0 Ao mesmo tempo, poder\u00e1 conhecer outras oportunidades de emprego no sector qu\u00edmico em Pontevedra, Espanha, ou noutros locais da ind\u00fastria qu\u00edmica, bem como experi\u00eancias que lhe podem dar outra perspetiva de uma empresa do sector qu\u00edmico.<br \/>A entrevista inclui uma entrevista com o respons\u00e1vel pela vaga a ser preenchida, onde ser\u00e1 analisado se o seu perfil se encaixa nos requisitos da vaga. Aproveite para fazer perguntas, este \u00e9 o melhor momento! Dependendo do perfil e do tipo de vaga, podem ser efectuados testes espec\u00edficos ao longo do processo para avaliar os conhecimentos e as compet\u00eancias essenciais para a fun\u00e7\u00e3o, de forma a completar a informa\u00e7\u00e3o recolhida.<\/li><li><strong>Reac\u00e7\u00f5es<\/strong><br \/>Uma vez conclu\u00eddo o processo e tomada a decis\u00e3o, a equipa do Pessoal entrar\u00e1 em contacto com todas as pessoas que participaram no processo para que possam ser informadas. Se fores a pessoa escolhida, enviar-te-emos uma proposta e, se decidires aceit\u00e1-la, dar-te-emos as boas-vindas \u00e0 Foresa!<br \/>Ser\u00e1s bem-vindo \u00e0 Foresa!<\/li><\/ol><p>\u00a0<\/p><p>Consulte o nosso <span style=\"text-decoration: underline;\"><a href=\"https:\/\/ofertas.foresa.com\/jobs\">Portal de Emprego <\/a><\/span>aqui.<\/p><p>Tamb\u00e9m pode visitar a p\u00e1gina da nossa empresa no <span style=\"text-decoration: underline;\"><a href=\"https:\/\/www.linkedin.com\/company\/foresa\/\" target=\"_blank\" rel=\"noopener\">LinkedIn<\/a><\/span>.<\/p>\t\t\t\t\t\t\t\t<\/div>\n\t\t\t\t<\/div>\n\t\t\t\t\t<\/div>\n\t\t\t\t<\/div>\n\t\t\t\t<\/div>\n\t\t","protected":false},"excerpt":{"rendered":"<p>N\u00f3s somos Foresa.Somos pessoas que n\u00e3o se conformam. Temos inquieta\u00e7\u00f5es, entusiasmo e vontade de aprender num ambiente colaborativo e inovador que acredita na diversidade e na igualdade de oportunidades. Aqui, a curiosidade e a iniciativa fazem com que nos adaptemos facilmente \u00e0 mudan\u00e7a, que melhoremos ao aceitar novos desafios. Quer fazer parte desta equipa? O [&hellip;]<\/p>\n","protected":false},"author":1,"featured_media":8550,"parent":0,"menu_order":0,"comment_status":"closed","ping_status":"closed","template":"","meta":{"footnotes":""},"class_list":["post-7595","page","type-page","status-publish","has-post-thumbnail","hentry"],"_links":{"self":[{"href":"https:\/\/foresa.com\/pt-pt\/wp-json\/wp\/v2\/pages\/7595","targetHints":{"allow":["GET"]}}],"collection":[{"href":"https:\/\/foresa.com\/pt-pt\/wp-json\/wp\/v2\/pages"}],"about":[{"href":"https:\/\/foresa.com\/pt-pt\/wp-json\/wp\/v2\/types\/page"}],"author":[{"embeddable":true,"href":"https:\/\/foresa.com\/pt-pt\/wp-json\/wp\/v2\/users\/1"}],"replies":[{"embeddable":true,"href":"https:\/\/foresa.com\/pt-pt\/wp-json\/wp\/v2\/comments?post=7595"}],"version-history":[{"count":10,"href":"https:\/\/foresa.com\/pt-pt\/wp-json\/wp\/v2\/pages\/7595\/revisions"}],"predecessor-version":[{"id":9112,"href":"https:\/\/foresa.com\/pt-pt\/wp-json\/wp\/v2\/pages\/7595\/revisions\/9112"}],"wp:featuredmedia":[{"embeddable":true,"href":"https:\/\/foresa.com\/pt-pt\/wp-json\/wp\/v2\/media\/8550"}],"wp:attachment":[{"href":"https:\/\/foresa.com\/pt-pt\/wp-json\/wp\/v2\/media?parent=7595"}],"curies":[{"name":"wp","href":"https:\/\/api.w.org\/{rel}","templated":true}]}}