{"id":7588,"date":"2023-07-21T12:46:23","date_gmt":"2023-07-21T10:46:23","guid":{"rendered":"https:\/\/foresa.com\/productos-y-servicios\/"},"modified":"2025-02-27T23:55:27","modified_gmt":"2025-02-27T21:55:27","slug":"produtos-e-servicos","status":"publish","type":"page","link":"https:\/\/foresa.com\/pt-pt\/produtos-e-servicos\/","title":{"rendered":"Produtos e servi\u00e7os"},"content":{"rendered":"\t\t<div data-elementor-type=\"wp-page\" data-elementor-id=\"7588\" class=\"elementor elementor-7588 elementor-37\" data-elementor-post-type=\"page\">\n\t\t\t\t<div class=\"elementor-element elementor-element-cb5eec7 e-flex e-con-boxed e-con e-parent\" data-id=\"cb5eec7\" data-element_type=\"container\" data-e-type=\"container\" data-settings=\"{&quot;jet_parallax_layout_list&quot;:[]}\">\n\t\t\t\t\t<div class=\"e-con-inner\">\n\t\t\t\t<div class=\"elementor-element elementor-element-4f42c61 entry-title elementor-widget elementor-widget-heading\" data-id=\"4f42c61\" data-element_type=\"widget\" data-e-type=\"widget\" data-widget_type=\"heading.default\">\n\t\t\t\t<div class=\"elementor-widget-container\">\n\t\t\t\t\t<h1 class=\"elementor-heading-title elementor-size-default\">Produtos e servi\u00e7os<\/h1>\t\t\t\t<\/div>\n\t\t\t\t<\/div>\n\t\t<div class=\"elementor-element elementor-element-c16a68f e-con-full e-flex e-con e-child\" data-id=\"c16a68f\" data-element_type=\"container\" data-e-type=\"container\" data-settings=\"{&quot;jet_parallax_layout_list&quot;:[]}\">\n\t\t\t\t<div class=\"elementor-element elementor-element-a829334 elementor-widget elementor-widget-text-editor\" data-id=\"a829334\" data-element_type=\"widget\" data-e-type=\"widget\" data-widget_type=\"text-editor.default\">\n\t\t\t\t<div class=\"elementor-widget-container\">\n\t\t\t\t\t\t\t\t\t<p>Na Foresa trabalhamos no desenvolvimento e produ\u00e7\u00e3o industrial de uma vasta gama de produtos e solu\u00e7\u00f5es qu\u00edmicas para v\u00e1rios setores como o da constru\u00e7\u00e3o, da decora\u00e7\u00e3o, autom\u00f3vel ou do lazer, entre outros.<\/p>\n<p>Oferecemos aos nossos clientes solu\u00e7\u00f5es e servi\u00e7os, desde apoio t\u00e9cnico a aconselhamento t\u00e9cnico\/tecnol\u00f3gico e regulamentar, bem como solu\u00e7\u00f5es no dom\u00ednio da sustentabilidade, com produtos que reduzem a pegada de carbono&#8230; e\/ou de origem biog\u00e9nica.<\/p>\t\t\t\t\t\t\t\t<\/div>\n\t\t\t\t<\/div>\n\t\t\t\t<\/div>\n\t\t<div class=\"elementor-element elementor-element-c893a89 e-flex e-con-boxed e-con e-child\" data-id=\"c893a89\" data-element_type=\"container\" data-e-type=\"container\" data-settings=\"{&quot;jet_parallax_layout_list&quot;:[]}\">\n\t\t\t\t\t<div class=\"e-con-inner\">\n\t\t<a class=\"elementor-element elementor-element-83cdf15 cuad-subhome e-flex e-con-boxed e-con e-child\" data-id=\"83cdf15\" data-element_type=\"container\" data-e-type=\"container\" data-settings=\"{&quot;background_background&quot;:&quot;slideshow&quot;,&quot;background_slideshow_gallery&quot;:[{&quot;id&quot;:6226,&quot;url&quot;:&quot;https:\\\/\\\/foresa.com\\\/wp-content\\\/uploads\\\/2024\\\/12\\\/Productos.png&quot;},{&quot;id&quot;:6230,&quot;url&quot;:&quot;https:\\\/\\\/foresa.com\\\/wp-content\\\/uploads\\\/2024\\\/12\\\/Productos2.png&quot;}],&quot;jet_parallax_layout_list&quot;:[],&quot;background_slideshow_loop&quot;:&quot;yes&quot;,&quot;background_slideshow_slide_duration&quot;:5000,&quot;background_slideshow_slide_transition&quot;:&quot;fade&quot;,&quot;background_slideshow_transition_duration&quot;:500}\" href=\"\/pt-pt\/produtos\">\n\t\t\t\t\t<div class=\"e-con-inner\">\n\t\t<div class=\"elementor-element elementor-element-a65a9db e-con-full e-flex e-con e-child\" data-id=\"a65a9db\" data-element_type=\"container\" data-e-type=\"container\" data-settings=\"{&quot;background_background&quot;:&quot;classic&quot;,&quot;jet_parallax_layout_list&quot;:[]}\">\n\t\t\t\t<div class=\"elementor-element elementor-element-d5aa44d elementor-widget elementor-widget-heading\" data-id=\"d5aa44d\" data-element_type=\"widget\" data-e-type=\"widget\" data-widget_type=\"heading.default\">\n\t\t\t\t<div class=\"elementor-widget-container\">\n\t\t\t\t\t<h2 class=\"elementor-heading-title elementor-size-default\">Produtos<\/h2>\t\t\t\t<\/div>\n\t\t\t\t<\/div>\n\t\t\t\t<\/div>\n\t\t\t\t\t<\/div>\n\t\t\t\t<\/a>\n\t\t<a class=\"elementor-element elementor-element-6f350e6 cuad-subhome e-flex e-con-boxed e-con e-child\" data-id=\"6f350e6\" data-element_type=\"container\" data-e-type=\"container\" data-settings=\"{&quot;background_background&quot;:&quot;slideshow&quot;,&quot;background_slideshow_gallery&quot;:[{&quot;id&quot;:2535,&quot;url&quot;:&quot;https:\\\/\\\/foresa.com\\\/wp-content\\\/uploads\\\/2023\\\/10\\\/servicios.png&quot;}],&quot;jet_parallax_layout_list&quot;:[],&quot;background_slideshow_loop&quot;:&quot;yes&quot;,&quot;background_slideshow_slide_duration&quot;:5000,&quot;background_slideshow_slide_transition&quot;:&quot;fade&quot;,&quot;background_slideshow_transition_duration&quot;:500}\" href=\"\/pt-pt\/servicos\">\n\t\t\t\t\t<div class=\"e-con-inner\">\n\t\t<div class=\"elementor-element elementor-element-b16bed1 e-con-full e-flex e-con e-child\" data-id=\"b16bed1\" data-element_type=\"container\" data-e-type=\"container\" data-settings=\"{&quot;background_background&quot;:&quot;classic&quot;,&quot;jet_parallax_layout_list&quot;:[]}\">\n\t\t\t\t<div class=\"elementor-element elementor-element-7ce5d7c elementor-widget elementor-widget-heading\" data-id=\"7ce5d7c\" data-element_type=\"widget\" data-e-type=\"widget\" data-widget_type=\"heading.default\">\n\t\t\t\t<div class=\"elementor-widget-container\">\n\t\t\t\t\t<h2 class=\"elementor-heading-title elementor-size-default\">Servi\u00e7os<\/h2>\t\t\t\t<\/div>\n\t\t\t\t<\/div>\n\t\t\t\t<\/div>\n\t\t\t\t\t<\/div>\n\t\t\t\t<\/a>\n\t\t\t\t\t<\/div>\n\t\t\t\t<\/div>\n\t\t\t\t\t<\/div>\n\t\t\t\t<\/div>\n\t\t\t\t<\/div>\n\t\t","protected":false},"excerpt":{"rendered":"<p>Na Foresa trabalhamos no desenvolvimento e produ\u00e7\u00e3o industrial de uma vasta gama de produtos e solu\u00e7\u00f5es qu\u00edmicas para v\u00e1rios setores como o da constru\u00e7\u00e3o, da decora\u00e7\u00e3o, autom\u00f3vel ou do lazer, entre outros. Oferecemos aos nossos clientes solu\u00e7\u00f5es e servi\u00e7os, desde apoio t\u00e9cnico a aconselhamento t\u00e9cnico\/tecnol\u00f3gico e regulamentar, bem como solu\u00e7\u00f5es no dom\u00ednio da sustentabilidade, com [&hellip;]<\/p>\n","protected":false},"author":1,"featured_media":0,"parent":0,"menu_order":0,"comment_status":"closed","ping_status":"closed","template":"","meta":{"footnotes":""},"class_list":["post-7588","page","type-page","status-publish","hentry"],"_links":{"self":[{"href":"https:\/\/foresa.com\/pt-pt\/wp-json\/wp\/v2\/pages\/7588","targetHints":{"allow":["GET"]}}],"collection":[{"href":"https:\/\/foresa.com\/pt-pt\/wp-json\/wp\/v2\/pages"}],"about":[{"href":"https:\/\/foresa.com\/pt-pt\/wp-json\/wp\/v2\/types\/page"}],"author":[{"embeddable":true,"href":"https:\/\/foresa.com\/pt-pt\/wp-json\/wp\/v2\/users\/1"}],"replies":[{"embeddable":true,"href":"https:\/\/foresa.com\/pt-pt\/wp-json\/wp\/v2\/comments?post=7588"}],"version-history":[{"count":13,"href":"https:\/\/foresa.com\/pt-pt\/wp-json\/wp\/v2\/pages\/7588\/revisions"}],"predecessor-version":[{"id":9059,"href":"https:\/\/foresa.com\/pt-pt\/wp-json\/wp\/v2\/pages\/7588\/revisions\/9059"}],"wp:attachment":[{"href":"https:\/\/foresa.com\/pt-pt\/wp-json\/wp\/v2\/media?parent=7588"}],"curies":[{"name":"wp","href":"https:\/\/api.w.org\/{rel}","templated":true}]}}