{"id":7550,"date":"2024-07-08T13:42:58","date_gmt":"2024-07-08T11:42:58","guid":{"rendered":"https:\/\/foresa.com\/sostenibilidad-y-certificaciones\/"},"modified":"2025-11-27T14:46:09","modified_gmt":"2025-11-27T12:46:09","slug":"sustentabilidade-e-certificacoes","status":"publish","type":"page","link":"https:\/\/foresa.com\/pt-pt\/sustentabilidade-e-certificacoes\/","title":{"rendered":"Sustentabilidade e certifica\u00e7\u00f5es"},"content":{"rendered":"\t\t<div data-elementor-type=\"wp-page\" data-elementor-id=\"7550\" class=\"elementor elementor-7550 elementor-3709\" data-elementor-post-type=\"page\">\n\t\t\t\t<div class=\"elementor-element elementor-element-1dd9528 e-flex e-con-boxed e-con e-parent\" data-id=\"1dd9528\" data-element_type=\"container\" data-e-type=\"container\" data-settings=\"{&quot;jet_parallax_layout_list&quot;:[]}\">\n\t\t\t\t\t<div class=\"e-con-inner\">\n\t\t\t\t<div class=\"elementor-element elementor-element-6f02a9a entry-title elementor-widget elementor-widget-heading\" data-id=\"6f02a9a\" data-element_type=\"widget\" data-e-type=\"widget\" data-widget_type=\"heading.default\">\n\t\t\t\t<div class=\"elementor-widget-container\">\n\t\t\t\t\t<h1 class=\"elementor-heading-title elementor-size-default\">Sustentabilidade e certifica\u00e7\u00f5es<\/h1>\t\t\t\t<\/div>\n\t\t\t\t<\/div>\n\t\t<div class=\"elementor-element elementor-element-4b66ba7 e-con-full e-flex e-con e-child\" data-id=\"4b66ba7\" data-element_type=\"container\" data-e-type=\"container\" data-settings=\"{&quot;jet_parallax_layout_list&quot;:[]}\">\n\t\t\t\t<div class=\"elementor-element elementor-element-53a520e lista-cuad elementor-widget elementor-widget-text-editor\" data-id=\"53a520e\" data-element_type=\"widget\" data-e-type=\"widget\" data-widget_type=\"text-editor.default\">\n\t\t\t\t<div class=\"elementor-widget-container\">\n\t\t\t\t\t\t\t\t\t<p>Na FORESA estamos conscientes do impacto que a ind\u00fastria qu\u00edmica pode ter no meio ambiente. Por este motivo, estamos empenhados no fabrico de produtos sustent\u00e1veis e na redu\u00e7\u00e3o do nosso impacto ambiental, raz\u00e3o pela qual, com base no nosso ADN, <strong>trabalhamos para:<\/strong><\/p>\n<ul>\n<li>Minimizar a utiliza\u00e7\u00e3o dos recursos naturais e energ\u00e9ticos.<\/li>\n<li>Reduzir as emiss\u00f5es de gases com efeito de estufa.<\/li>\n<li>Utilizar mat\u00e9rias-primas sustent\u00e1veis.<\/li>\n<li>Desenvolver produtos biodegrad\u00e1veis e recicl\u00e1veis.<\/li>\n<li>Aplicar pr\u00e1ticas de produ\u00e7\u00e3o respons\u00e1veis.<\/li>\n<\/ul>\n<p><strong><br>Orgulhamo-nos de ter como pilares e base de desenvolvimento quotidiano.<\/strong><\/p>\t\t\t\t\t\t\t\t<\/div>\n\t\t\t\t<\/div>\n\t\t\t\t<\/div>\n\t\t\t\t\t<\/div>\n\t\t\t\t<\/div>\n\t\t<div class=\"elementor-element elementor-element-a185828 e-flex e-con-boxed e-con e-child\" data-id=\"a185828\" data-element_type=\"container\" data-e-type=\"container\" data-settings=\"{&quot;jet_parallax_layout_list&quot;:[]}\">\n\t\t\t\t\t<div class=\"e-con-inner\">\n\t\t<a class=\"elementor-element elementor-element-f3b724e cuad-subhome e-flex e-con-boxed e-con e-child\" data-id=\"f3b724e\" data-element_type=\"container\" data-e-type=\"container\" data-settings=\"{&quot;background_background&quot;:&quot;classic&quot;,&quot;jet_parallax_layout_list&quot;:[]}\" href=\"\/pt-pt\/sustentabilidade-e-certificacoes\/sustentabilidade\/\">\n\t\t\t\t\t<div class=\"e-con-inner\">\n\t\t<div class=\"elementor-element elementor-element-4489ee2 e-con-full e-flex e-con e-child\" data-id=\"4489ee2\" data-element_type=\"container\" data-e-type=\"container\" data-settings=\"{&quot;background_background&quot;:&quot;classic&quot;,&quot;jet_parallax_layout_list&quot;:[]}\">\n\t\t\t\t<div class=\"elementor-element elementor-element-87e8006 elementor-widget elementor-widget-heading\" data-id=\"87e8006\" data-element_type=\"widget\" data-e-type=\"widget\" data-widget_type=\"heading.default\">\n\t\t\t\t<div class=\"elementor-widget-container\">\n\t\t\t\t\t<h2 class=\"elementor-heading-title elementor-size-default\">Sustentabilidade e Certificados<\/h2>\t\t\t\t<\/div>\n\t\t\t\t<\/div>\n\t\t\t\t<\/div>\n\t\t\t\t\t<\/div>\n\t\t\t\t<\/a>\n\t\t<a class=\"elementor-element elementor-element-b54108e cuad-subhome e-flex e-con-boxed e-con e-child\" data-id=\"b54108e\" data-element_type=\"container\" data-e-type=\"container\" data-settings=\"{&quot;background_background&quot;:&quot;slideshow&quot;,&quot;background_slideshow_gallery&quot;:[{&quot;id&quot;:3722,&quot;url&quot;:&quot;https:\\\/\\\/foresa.com\\\/wp-content\\\/uploads\\\/2024\\\/07\\\/certificaciones.jpg&quot;}],&quot;jet_parallax_layout_list&quot;:[],&quot;background_slideshow_loop&quot;:&quot;yes&quot;,&quot;background_slideshow_slide_duration&quot;:5000,&quot;background_slideshow_slide_transition&quot;:&quot;fade&quot;,&quot;background_slideshow_transition_duration&quot;:500}\" href=\"\/pt-pt\/sustentabilidade-e-certificacoes\/certificacoes\/\">\n\t\t\t\t\t<div class=\"e-con-inner\">\n\t\t<div class=\"elementor-element elementor-element-cac05bf e-con-full e-flex e-con e-child\" data-id=\"cac05bf\" data-element_type=\"container\" data-e-type=\"container\" data-settings=\"{&quot;background_background&quot;:&quot;classic&quot;,&quot;jet_parallax_layout_list&quot;:[]}\">\n\t\t\t\t<div class=\"elementor-element elementor-element-ffd9510 elementor-widget elementor-widget-heading\" data-id=\"ffd9510\" data-element_type=\"widget\" data-e-type=\"widget\" data-widget_type=\"heading.default\">\n\t\t\t\t<div class=\"elementor-widget-container\">\n\t\t\t\t\t<h2 class=\"elementor-heading-title elementor-size-default\">Certifica\u00e7\u00f5es<\/h2>\t\t\t\t<\/div>\n\t\t\t\t<\/div>\n\t\t\t\t<\/div>\n\t\t\t\t\t<\/div>\n\t\t\t\t<\/a>\n\t\t\t\t\t<\/div>\n\t\t\t\t<\/div>\n\t\t\t\t<\/div>\n\t\t","protected":false},"excerpt":{"rendered":"<p>Na FORESA estamos conscientes do impacto que a ind\u00fastria qu\u00edmica pode ter no meio ambiente. Por este motivo, estamos empenhados no fabrico de produtos sustent\u00e1veis e na redu\u00e7\u00e3o do nosso impacto ambiental, raz\u00e3o pela qual, com base no nosso ADN, trabalhamos para: Minimizar a utiliza\u00e7\u00e3o dos recursos naturais e energ\u00e9ticos. Reduzir as emiss\u00f5es de gases [&hellip;]<\/p>\n","protected":false},"author":1,"featured_media":0,"parent":0,"menu_order":0,"comment_status":"closed","ping_status":"closed","template":"elementor_theme","meta":{"footnotes":""},"class_list":["post-7550","page","type-page","status-publish","hentry"],"_links":{"self":[{"href":"https:\/\/foresa.com\/pt-pt\/wp-json\/wp\/v2\/pages\/7550","targetHints":{"allow":["GET"]}}],"collection":[{"href":"https:\/\/foresa.com\/pt-pt\/wp-json\/wp\/v2\/pages"}],"about":[{"href":"https:\/\/foresa.com\/pt-pt\/wp-json\/wp\/v2\/types\/page"}],"author":[{"embeddable":true,"href":"https:\/\/foresa.com\/pt-pt\/wp-json\/wp\/v2\/users\/1"}],"replies":[{"embeddable":true,"href":"https:\/\/foresa.com\/pt-pt\/wp-json\/wp\/v2\/comments?post=7550"}],"version-history":[{"count":19,"href":"https:\/\/foresa.com\/pt-pt\/wp-json\/wp\/v2\/pages\/7550\/revisions"}],"predecessor-version":[{"id":9620,"href":"https:\/\/foresa.com\/pt-pt\/wp-json\/wp\/v2\/pages\/7550\/revisions\/9620"}],"wp:attachment":[{"href":"https:\/\/foresa.com\/pt-pt\/wp-json\/wp\/v2\/media?parent=7550"}],"curies":[{"name":"wp","href":"https:\/\/api.w.org\/{rel}","templated":true}]}}