{"id":6702,"date":"2023-07-21T13:10:16","date_gmt":"2023-07-21T11:10:16","guid":{"rendered":"https:\/\/foresa.com\/contacto\/"},"modified":"2025-12-02T16:20:16","modified_gmt":"2025-12-02T14:20:16","slug":"contacto","status":"publish","type":"page","link":"https:\/\/foresa.com\/pt-pt\/contacto\/","title":{"rendered":"Contacto"},"content":{"rendered":"\t\t<div data-elementor-type=\"wp-page\" data-elementor-id=\"6702\" class=\"elementor elementor-6702 elementor-50\" data-elementor-post-type=\"page\">\n\t\t\t\t<div class=\"elementor-element elementor-element-97d05aa e-flex e-con-boxed e-con e-parent\" data-id=\"97d05aa\" data-element_type=\"container\" data-e-type=\"container\" data-settings=\"{&quot;jet_parallax_layout_list&quot;:[]}\">\n\t\t\t\t\t<div class=\"e-con-inner\">\n\t\t\t\t<div class=\"elementor-element elementor-element-ff6f329 entry-title elementor-widget elementor-widget-heading\" data-id=\"ff6f329\" data-element_type=\"widget\" data-e-type=\"widget\" data-widget_type=\"heading.default\">\n\t\t\t\t<div class=\"elementor-widget-container\">\n\t\t\t\t\t<h1 class=\"elementor-heading-title elementor-size-default\">Contacto<\/h1>\t\t\t\t<\/div>\n\t\t\t\t<\/div>\n\t\t\t\t\t<\/div>\n\t\t\t\t<\/div>\n\t\t<div class=\"elementor-element elementor-element-70037cc lista-contacto e-flex e-con-boxed e-con e-parent\" data-id=\"70037cc\" data-element_type=\"container\" data-e-type=\"container\" data-settings=\"{&quot;jet_parallax_layout_list&quot;:[]}\">\n\t\t\t\t\t<div class=\"e-con-inner\">\n\t\t<div class=\"elementor-element elementor-element-71e2474 e-con-full e-flex e-con e-child\" data-id=\"71e2474\" data-element_type=\"container\" data-e-type=\"container\" data-settings=\"{&quot;jet_parallax_layout_list&quot;:[]}\">\n\t\t\t\t<div class=\"elementor-element elementor-element-03bb300 img-caja-cuad elementor-widget__width-initial elementor-widget elementor-widget-image\" data-id=\"03bb300\" data-element_type=\"widget\" data-e-type=\"widget\" data-widget_type=\"image.default\">\n\t\t\t\t<div class=\"elementor-widget-container\">\n\t\t\t\t\t\t\t\t\t\t\t\t\t\t\t<img fetchpriority=\"high\" decoding=\"async\" width=\"498\" height=\"518\" src=\"https:\/\/foresa.com\/wp-content\/uploads\/2024\/10\/contacto-central.jpg\" class=\"attachment-large size-large wp-image-4913\" alt=\"\" srcset=\"https:\/\/foresa.com\/wp-content\/uploads\/2024\/10\/contacto-central.jpg 498w, https:\/\/foresa.com\/wp-content\/uploads\/2024\/10\/contacto-central-288x300.jpg 288w\" sizes=\"(max-width: 498px) 100vw, 498px\" \/>\t\t\t\t\t\t\t\t\t\t\t\t\t\t\t<\/div>\n\t\t\t\t<\/div>\n\t\t\t\t<div class=\"elementor-element elementor-element-5f793ed elementor-widget-mobile__width-initial tx-oficina elementor-widget elementor-widget-text-editor\" data-id=\"5f793ed\" data-element_type=\"widget\" data-e-type=\"widget\" data-widget_type=\"text-editor.default\">\n\t\t\t\t<div class=\"elementor-widget-container\">\n\t\t\t\t\t\t\t\t\t<h3><a href=\"https:\/\/www.google.es\/maps\/place\/FORESA+(Industrias+Qu%C3%ADmicas+del+Noroeste)\/@42.5982323,-8.6505503,677m\/data=!3m1!1e3!4m6!3m5!1s0xd2f0deda37627a3:0xd15e61af266209d5!8m2!3d42.5974328!4d-8.6492715!16s%2Fg%2F1tg7t93g?hl=es&amp;entry=ttu&amp;g_ep=EgoyMDI0MTIxMS4wIKXMDSoASAFQAw%3D%3D\" target=\"_blank\" rel=\"noopener\">Foresa Caldas<br \/>de Reis<\/a><\/h3><p>Avda. de Do\u00f1a Urraca n\u00ba 91 Aptdo. 8<br \/>Caldas de Reis, Pontevedra, 36650<br \/>Espanha.<br \/><strong>Tel: +34 986 059 200 <\/strong><br \/><a href=\"mailto:info@foresa.com\"><span style=\"text-decoration: underline;\"><strong>info@foresa.com<\/strong><\/span><\/a><\/p>\t\t\t\t\t\t\t\t<\/div>\n\t\t\t\t<\/div>\n\t\t\t\t<\/div>\n\t\t<div class=\"elementor-element elementor-element-f103cac e-con-full e-flex e-con e-child\" data-id=\"f103cac\" data-element_type=\"container\" data-e-type=\"container\" data-settings=\"{&quot;jet_parallax_layout_list&quot;:[]}\">\n\t\t\t\t<div class=\"elementor-element elementor-element-de28b2a img-caja-cuad elementor-widget__width-initial elementor-widget elementor-widget-image\" data-id=\"de28b2a\" data-element_type=\"widget\" data-e-type=\"widget\" data-widget_type=\"image.default\">\n\t\t\t\t<div class=\"elementor-widget-container\">\n\t\t\t\t\t\t\t\t\t\t\t\t\t\t\t<img decoding=\"async\" width=\"498\" height=\"506\" src=\"https:\/\/foresa.com\/wp-content\/uploads\/2024\/10\/contacto-vilagarcial.jpg\" class=\"attachment-large size-large wp-image-4917\" alt=\"\" srcset=\"https:\/\/foresa.com\/wp-content\/uploads\/2024\/10\/contacto-vilagarcial.jpg 498w, https:\/\/foresa.com\/wp-content\/uploads\/2024\/10\/contacto-vilagarcial-295x300.jpg 295w\" sizes=\"(max-width: 498px) 100vw, 498px\" \/>\t\t\t\t\t\t\t\t\t\t\t\t\t\t\t<\/div>\n\t\t\t\t<\/div>\n\t\t\t\t<div class=\"elementor-element elementor-element-eaf6ef8 elementor-widget-mobile__width-initial tx-oficina elementor-widget elementor-widget-text-editor\" data-id=\"eaf6ef8\" data-element_type=\"widget\" data-e-type=\"widget\" data-widget_type=\"text-editor.default\">\n\t\t\t\t<div class=\"elementor-widget-container\">\n\t\t\t\t\t\t\t\t\t<h3><a href=\"https:\/\/www.google.es\/maps\/place\/FORESA+Vilagarcia\/@42.596401,-8.7855323,1139m\/data=!3m2!1e3!4b1!4m6!3m5!1s0xd2f15ac867acd9d:0x807144cca8c7a66d!8m2!3d42.5963971!4d-8.7829574!16s%2Fg%2F11h4t8936x?hl=es&amp;entry=ttu&amp;g_ep=EgoyMDI0MTIxMS4wIKXMDSoASAFQAw%3D%3D\" target=\"_blank\" rel=\"noopener\">Terminal Vilagarc\u00eda<\/a><\/h3><p>Muelle del Ferrazo s\/n<br \/>Villagarc\u00eda de Arosa, Pontevedra, 36600<br \/>Espanha.<br \/><strong>Tel: +34 986 059 103<\/strong><br \/><span style=\"text-decoration: underline;\"><a href=\"mailto:terminal@foresa.com\"><strong>terminal@foresa.com<\/strong><\/a><\/span><\/p>\t\t\t\t\t\t\t\t<\/div>\n\t\t\t\t<\/div>\n\t\t\t\t<\/div>\n\t\t<div class=\"elementor-element elementor-element-3170213 e-con-full e-flex e-con e-child\" data-id=\"3170213\" data-element_type=\"container\" data-e-type=\"container\" data-settings=\"{&quot;jet_parallax_layout_list&quot;:[]}\">\n\t\t\t\t<div class=\"elementor-element elementor-element-39da859 img-caja-cuad elementor-widget__width-initial elementor-widget elementor-widget-image\" data-id=\"39da859\" data-element_type=\"widget\" data-e-type=\"widget\" data-widget_type=\"image.default\">\n\t\t\t\t<div class=\"elementor-widget-container\">\n\t\t\t\t\t\t\t\t\t\t\t\t\t\t\t<img decoding=\"async\" width=\"800\" height=\"800\" src=\"https:\/\/foresa.com\/wp-content\/uploads\/2024\/10\/planta-francia.jpg\" class=\"attachment-large size-large wp-image-4867\" alt=\"\" srcset=\"https:\/\/foresa.com\/wp-content\/uploads\/2024\/10\/planta-francia.jpg 818w, https:\/\/foresa.com\/wp-content\/uploads\/2024\/10\/planta-francia-300x300.jpg 300w, https:\/\/foresa.com\/wp-content\/uploads\/2024\/10\/planta-francia-150x150.jpg 150w, https:\/\/foresa.com\/wp-content\/uploads\/2024\/10\/planta-francia-768x768.jpg 768w\" sizes=\"(max-width: 800px) 100vw, 800px\" \/>\t\t\t\t\t\t\t\t\t\t\t\t\t\t\t<\/div>\n\t\t\t\t<\/div>\n\t\t\t\t<div class=\"elementor-element elementor-element-a323f35 elementor-widget-mobile__width-initial tx-oficina elementor-widget elementor-widget-text-editor\" data-id=\"a323f35\" data-element_type=\"widget\" data-e-type=\"widget\" data-widget_type=\"text-editor.default\">\n\t\t\t\t<div class=\"elementor-widget-container\">\n\t\t\t\t\t\t\t\t\t<h3><a href=\"https:\/\/www.google.es\/maps\/place\/FORESA+France\/@44.9256216,-0.5238798,1096m\/data=!3m2!1e3!4b1!4m6!3m5!1s0xd552c022dac6485:0x49b00ea10c8b4612!8m2!3d44.9256178!4d-0.5213049!16s%2Fg%2F1vmr2pyk?hl=es&amp;entry=ttu&amp;g_ep=EgoyMDI0MTIxMS4wIKXMDSoASAFQAw%3D%3D\" target=\"_blank\" rel=\"noopener\">Foresa Fran\u00e7a<\/a><\/h3><p>Avenue des industries<br \/>\u00c1mbares et Lagrave (Carbon-blanc<br \/>cedex), 33565<br \/>Fran\u00e7a.<br \/><strong>Tel: +33 556 386 700<\/strong><br \/><a href=\"mailto:foresafrance@foresa.com\"><span style=\"text-decoration: underline;\"><strong>foresafrance@foresa.com<\/strong><\/span><\/a><\/p>\t\t\t\t\t\t\t\t<\/div>\n\t\t\t\t<\/div>\n\t\t\t\t<\/div>\n\t\t<div class=\"elementor-element elementor-element-5c89eac e-con-full e-flex e-con e-child\" data-id=\"5c89eac\" data-element_type=\"container\" data-e-type=\"container\" data-settings=\"{&quot;jet_parallax_layout_list&quot;:[]}\">\n\t\t\t\t<div class=\"elementor-element elementor-element-db7b85a img-caja-cuad elementor-widget__width-initial elementor-widget elementor-widget-image\" data-id=\"db7b85a\" data-element_type=\"widget\" data-e-type=\"widget\" data-widget_type=\"image.default\">\n\t\t\t\t<div class=\"elementor-widget-container\">\n\t\t\t\t\t\t\t\t\t\t\t\t\t\t\t<img loading=\"lazy\" decoding=\"async\" width=\"250\" height=\"259\" src=\"https:\/\/foresa.com\/wp-content\/uploads\/2023\/08\/img-bresfor-111020171245-1.png\" class=\"attachment-large size-large wp-image-2031\" alt=\"Foresa Bresfor\" \/>\t\t\t\t\t\t\t\t\t\t\t\t\t\t\t<\/div>\n\t\t\t\t<\/div>\n\t\t\t\t<div class=\"elementor-element elementor-element-2c67e15 elementor-widget-mobile__width-initial tx-oficina elementor-widget elementor-widget-text-editor\" data-id=\"2c67e15\" data-element_type=\"widget\" data-e-type=\"widget\" data-widget_type=\"text-editor.default\">\n\t\t\t\t<div class=\"elementor-widget-container\">\n\t\t\t\t\t\t\t\t\t<h3><a href=\"https:\/\/www.google.es\/maps\/place\/FORESA+Portugal+(Bresfor,+Industria+do+Formol+SA)\/@40.6457364,-8.7058948,698m\/data=!3m1!1e3!4m6!3m5!1s0xd2397cc999a11b9:0x10c7d75ef613503c!8m2!3d40.645742!4d-8.7034939!16s%2Fg%2F11b6hvdclr?hl=es&amp;entry=ttu&amp;g_ep=EgoyMDI0MTIxMS4wIKXMDSoASAFQAw%3D%3D\" target=\"_blank\" rel=\"noopener\">Bresfor<\/a><\/h3><p>Avenida dos Bacalhoeiros<br \/>Gafanha da Nazar\u00e9, 3830-553<br \/>Portugal.<br \/><strong>Tel: +351 234 390 700<\/strong><br \/><span style=\"text-decoration: underline;\"><a href=\"mailto:bresfor@foresa.com\"><strong>bresfor@foresa.com<\/strong><\/a><\/span><\/p><p>\u00a0<\/p>\t\t\t\t\t\t\t\t<\/div>\n\t\t\t\t<\/div>\n\t\t\t\t<\/div>\n\t\t<div class=\"elementor-element elementor-element-afb9682 e-con-full e-flex e-con e-child\" data-id=\"afb9682\" data-element_type=\"container\" data-e-type=\"container\" data-settings=\"{&quot;jet_parallax_layout_list&quot;:[]}\">\n\t\t\t\t<div class=\"elementor-element elementor-element-d5b1c38 img-caja-cuad elementor-widget__width-initial elementor-widget elementor-widget-image\" data-id=\"d5b1c38\" data-element_type=\"widget\" data-e-type=\"widget\" data-widget_type=\"image.default\">\n\t\t\t\t<div class=\"elementor-widget-container\">\n\t\t\t\t\t\t\t\t\t\t\t\t\t\t\t<img loading=\"lazy\" decoding=\"async\" width=\"257\" height=\"262\" src=\"https:\/\/foresa.com\/wp-content\/uploads\/2023\/08\/img-finsasantiago-31102017250-1.png\" class=\"attachment-large size-large wp-image-2035\" alt=\"Finsa\" \/>\t\t\t\t\t\t\t\t\t\t\t\t\t\t\t<\/div>\n\t\t\t\t<\/div>\n\t\t\t\t<div class=\"elementor-element elementor-element-7fa0ca0 elementor-widget-mobile__width-initial tx-oficina elementor-widget elementor-widget-text-editor\" data-id=\"7fa0ca0\" data-element_type=\"widget\" data-e-type=\"widget\" data-widget_type=\"text-editor.default\">\n\t\t\t\t<div class=\"elementor-widget-container\">\n\t\t\t\t\t\t\t\t\t<h3><a href=\"https:\/\/www.google.es\/maps\/place\/Financiera+Maderera+S.A.+(FINSA+Servicios+Centrales)\/@42.9134683,-8.5037987,1348m\/data=!3m1!1e3!4m6!3m5!1s0xd2eff6bfa99c49b:0xa48e7eac41a935aa!8m2!3d42.9135715!4d-8.5009523!16s%2Fg%2F11xx6sywf?hl=es&amp;entry=ttu&amp;g_ep=EgoyMDI0MTIxMS4wIKXMDSoASAFQAw%3D%3D\" target=\"_blank\" rel=\"noopener\">Emuls\u00f5es<\/a><\/h3><p>Carretera N-550, km 57<br \/>Santiago de Compostela, A Coru\u00f1a, 15707<br \/>Espanha.<br \/><strong>Tel: +34 986 059 200<\/strong><br \/><a href=\"mailto:emulsiones@foresa.com\"><span style=\"text-decoration: underline;\"><strong>emulsiones@foresa.com<\/strong><\/span><\/a><\/p>\t\t\t\t\t\t\t\t<\/div>\n\t\t\t\t<\/div>\n\t\t\t\t<\/div>\n\t\t\t\t\t<\/div>\n\t\t\t\t<\/div>\n\t\t<div class=\"elementor-element elementor-element-476ec8e e-flex e-con-boxed e-con e-parent\" data-id=\"476ec8e\" data-element_type=\"container\" data-e-type=\"container\" data-settings=\"{&quot;jet_parallax_layout_list&quot;:[]}\">\n\t\t\t\t\t<div class=\"e-con-inner\">\n\t\t<div class=\"elementor-element elementor-element-35b64f5 e-con-full e-flex e-con e-child\" data-id=\"35b64f5\" data-element_type=\"container\" data-e-type=\"container\" data-settings=\"{&quot;jet_parallax_layout_list&quot;:[]}\">\n\t\t\t\t<div class=\"elementor-element elementor-element-7512633 elementor-widget elementor-widget-heading\" data-id=\"7512633\" data-element_type=\"widget\" data-e-type=\"widget\" data-widget_type=\"heading.default\">\n\t\t\t\t<div class=\"elementor-widget-container\">\n\t\t\t\t\t<h2 class=\"elementor-heading-title elementor-size-default\">Contactar-nos!<\/h2>\t\t\t\t<\/div>\n\t\t\t\t<\/div>\n\t\t\t\t<div class=\"elementor-element elementor-element-faf3117 elementor-button-align-stretch elementor-widget elementor-widget-form\" data-id=\"faf3117\" data-element_type=\"widget\" data-e-type=\"widget\" data-settings=\"{&quot;step_next_label&quot;:&quot;Siguiente&quot;,&quot;step_previous_label&quot;:&quot;Anterior&quot;,&quot;button_width&quot;:&quot;30&quot;,&quot;step_type&quot;:&quot;number_text&quot;,&quot;step_icon_shape&quot;:&quot;circle&quot;}\" data-widget_type=\"form.default\">\n\t\t\t\t<div class=\"elementor-widget-container\">\n\t\t\t\t\t\t\t<form class=\"elementor-form\" method=\"post\" name=\"Contacto\" aria-label=\"Contacto\">\n\t\t\t<input type=\"hidden\" name=\"post_id\" value=\"6702\"\/>\n\t\t\t<input type=\"hidden\" name=\"form_id\" value=\"faf3117\"\/>\n\t\t\t<input type=\"hidden\" name=\"referer_title\" value=\"Contacte-nos | Foresa\" \/>\n\n\t\t\t\t\t\t\t<input type=\"hidden\" name=\"queried_id\" value=\"6702\"\/>\n\t\t\t\n\t\t\t<div class=\"elementor-form-fields-wrapper elementor-labels-\">\n\t\t\t\t\t\t\t\t<div class=\"elementor-field-type-email elementor-field-group elementor-column elementor-field-group-field_email elementor-col-30 elementor-field-required\">\n\t\t\t\t\t\t\t\t\t\t\t\t<label for=\"form-field-field_email\" class=\"elementor-field-label elementor-screen-only\">\n\t\t\t\t\t\t\t\tEndere\u00e7o eletr\u00f3nico\t\t\t\t\t\t\t<\/label>\n\t\t\t\t\t\t\t\t\t\t\t\t\t\t<input size=\"1\" type=\"email\" name=\"form_fields[field_email]\" id=\"form-field-field_email\" class=\"elementor-field elementor-size-sm  elementor-field-textual\" placeholder=\"Endere\u00e7o eletr\u00f3nico\" required=\"required\">\n\t\t\t\t\t\t\t\t\t\t\t<\/div>\n\t\t\t\t\t\t\t\t<div class=\"elementor-field-type-text elementor-field-group elementor-column elementor-field-group-field_name elementor-col-20\">\n\t\t\t\t\t\t\t\t\t\t\t\t<label for=\"form-field-field_name\" class=\"elementor-field-label elementor-screen-only\">\n\t\t\t\t\t\t\t\tNome\t\t\t\t\t\t\t<\/label>\n\t\t\t\t\t\t\t\t\t\t\t\t\t\t<input size=\"1\" type=\"text\" name=\"form_fields[field_name]\" id=\"form-field-field_name\" class=\"elementor-field elementor-size-sm  elementor-field-textual\" placeholder=\"Nome\">\n\t\t\t\t\t\t\t\t\t\t\t<\/div>\n\t\t\t\t\t\t\t\t<div class=\"elementor-field-type-text elementor-field-group elementor-column elementor-field-group-field_apellidos elementor-col-30\">\n\t\t\t\t\t\t\t\t\t\t\t\t<label for=\"form-field-field_apellidos\" class=\"elementor-field-label elementor-screen-only\">\n\t\t\t\t\t\t\t\tApelido\t\t\t\t\t\t\t<\/label>\n\t\t\t\t\t\t\t\t\t\t\t\t\t\t<input size=\"1\" type=\"text\" name=\"form_fields[field_apellidos]\" id=\"form-field-field_apellidos\" class=\"elementor-field elementor-size-sm  elementor-field-textual\" placeholder=\"Apelido\">\n\t\t\t\t\t\t\t\t\t\t\t<\/div>\n\t\t\t\t\t\t\t\t<div class=\"elementor-field-type-tel elementor-field-group elementor-column elementor-field-group-field_phone elementor-col-20\">\n\t\t\t\t\t\t\t\t\t\t\t\t<label for=\"form-field-field_phone\" class=\"elementor-field-label elementor-screen-only\">\n\t\t\t\t\t\t\t\tTelefone\t\t\t\t\t\t\t<\/label>\n\t\t\t\t\t\t\t\t<input size=\"1\" type=\"tel\" name=\"form_fields[field_phone]\" id=\"form-field-field_phone\" class=\"elementor-field elementor-size-sm  elementor-field-textual\" placeholder=\"Telefone\" pattern=\"[0-9()#&amp;+*-=.]+\" title=\"Only numbers and phone characters (#, -, *, etc) are accepted.\">\n\n\t\t\t\t\t\t<\/div>\n\t\t\t\t\t\t\t\t<div class=\"elementor-field-type-text elementor-field-group elementor-column elementor-field-group-field_departamento elementor-col-30\">\n\t\t\t\t\t\t\t\t\t\t\t\t<label for=\"form-field-field_departamento\" class=\"elementor-field-label elementor-screen-only\">\n\t\t\t\t\t\t\t\tDepartamento\t\t\t\t\t\t\t<\/label>\n\t\t\t\t\t\t\t\t\t\t\t\t\t\t<input size=\"1\" type=\"text\" name=\"form_fields[field_departamento]\" id=\"form-field-field_departamento\" class=\"elementor-field elementor-size-sm  elementor-field-textual\" placeholder=\"Departamento\">\n\t\t\t\t\t\t\t\t\t\t\t<\/div>\n\t\t\t\t\t\t\t\t<div class=\"elementor-field-type-text elementor-field-group elementor-column elementor-field-group-field_posicion elementor-col-30\">\n\t\t\t\t\t\t\t\t\t\t\t\t<label for=\"form-field-field_posicion\" class=\"elementor-field-label elementor-screen-only\">\n\t\t\t\t\t\t\t\tPosi\u00e7\u00e3o\t\t\t\t\t\t\t<\/label>\n\t\t\t\t\t\t\t\t\t\t\t\t\t\t<input size=\"1\" type=\"text\" name=\"form_fields[field_posicion]\" id=\"form-field-field_posicion\" class=\"elementor-field elementor-size-sm  elementor-field-textual\" placeholder=\"Posi\u00e7\u00e3o\">\n\t\t\t\t\t\t\t\t\t\t\t<\/div>\n\t\t\t\t\t\t\t\t<div class=\"elementor-field-type-text elementor-field-group elementor-column elementor-field-group-field_pais elementor-col-20\">\n\t\t\t\t\t\t\t\t\t\t\t\t<label for=\"form-field-field_pais\" class=\"elementor-field-label elementor-screen-only\">\n\t\t\t\t\t\t\t\tPa\u00eds\t\t\t\t\t\t\t<\/label>\n\t\t\t\t\t\t\t\t\t\t\t\t\t\t<input size=\"1\" type=\"text\" name=\"form_fields[field_pais]\" id=\"form-field-field_pais\" class=\"elementor-field elementor-size-sm  elementor-field-textual\" placeholder=\"Pa\u00eds\">\n\t\t\t\t\t\t\t\t\t\t\t<\/div>\n\t\t\t\t\t\t\t\t<div class=\"elementor-field-type-text elementor-field-group elementor-column elementor-field-group-field_ciudad elementor-col-20\">\n\t\t\t\t\t\t\t\t\t\t\t\t<label for=\"form-field-field_ciudad\" class=\"elementor-field-label elementor-screen-only\">\n\t\t\t\t\t\t\t\tCidade\t\t\t\t\t\t\t<\/label>\n\t\t\t\t\t\t\t\t\t\t\t\t\t\t<input size=\"1\" type=\"text\" name=\"form_fields[field_ciudad]\" id=\"form-field-field_ciudad\" class=\"elementor-field elementor-size-sm  elementor-field-textual\" placeholder=\"Cidade\">\n\t\t\t\t\t\t\t\t\t\t\t<\/div>\n\t\t\t\t\t\t\t\t<div class=\"elementor-field-type-textarea elementor-field-group elementor-column elementor-field-group-field_message elementor-col-100\">\n\t\t\t\t\t\t\t\t\t\t\t\t<label for=\"form-field-field_message\" class=\"elementor-field-label elementor-screen-only\">\n\t\t\t\t\t\t\t\tMensagem\t\t\t\t\t\t\t<\/label>\n\t\t\t\t\t\t<textarea class=\"elementor-field-textual elementor-field  elementor-size-sm\" name=\"form_fields[field_message]\" id=\"form-field-field_message\" rows=\"4\" placeholder=\"Mensagem\"><\/textarea>\t\t\t\t<\/div>\n\t\t\t\t\t\t\t\t<div class=\"elementor-field-type-finsa-gdpr-checkbox-field elementor-field-group elementor-column elementor-field-group-field_gdpr elementor-col-100 elementor-field-required\">\n\t\t\t\t\t\t\t\t\t\t\t\t<label for=\"form-field-field_gdpr\" class=\"elementor-field-label elementor-screen-only\">\n\t\t\t\t\t\t\t\tGDPR\t\t\t\t\t\t\t<\/label>\n\t\t\t\t\t\t<div class=\"gdpr-short-desc\" style=\"display:block; width:100%\">Prote\u00e7\u00e3o de dados pessoais (RGPD 2016\/679 e LOPDGDD 3\/2018)\r\nRESPONS\u00c1VEL: FORESA, IND\u00daSTRIAS DEL NOROESTE, S.A.; OBJECTIVO: Incluir o requerente no grupo de destinat\u00e1rios da Newsletter FORESA e, quando apropriado, enviar-lhes informa\u00e7\u00f5es relacionadas sobre os produtos FORESA, com o seu consentimento; DESTINAT\u00c1RIOS: Nenhum dado ser\u00e1 transferido para terceiros; DIREITOS E INFORMA\u00c7\u00d5ES ADICIONAIS: \u00c9 permitido o exerc\u00edcio dos direitos de acesso, retifica\u00e7\u00e3o ou elimina\u00e7\u00e3o, entre outros. Toda a informa\u00e7\u00e3o est\u00e1 acess\u00edvel na informa\u00e7\u00e3o detalhada da nossa Pol\u00edtica de Privacidade.<\/div><label class=\"custom-checkbox-label\"><input type=\"checkbox\" type=\"finsa-gdpr-checkbox-field checkbox\" name=\"form_fields[field_gdpr]\" id=\"form-field-field_gdpr\" class=\"elementor-field elementor-size-sm  finsa-gdpr-check\" required=\"required\" for=\"faf31179\" value=\"true\"><span class=\"checkbox-custom\"><\/span> <span> Li e aceito a  <a href=\"\/pt-pt\/politica-de-privacidade\/?p=contacto\"><b>pol\u00edtica de privacidade<\/b><\/a><\/span><\/label>\t\t\t\t<\/div>\n\t\t\t\t\t\t\t\t<div class=\"elementor-field-group elementor-column elementor-field-type-submit elementor-col-30 e-form__buttons\">\n\t\t\t\t\t<button class=\"elementor-button elementor-size-sm\" type=\"submit\" id=\"bt-form-contacto\">\n\t\t\t\t\t\t<span class=\"elementor-button-content-wrapper\">\n\t\t\t\t\t\t\t\t\t\t\t\t\t\t\t\t\t\t\t\t\t\t<span class=\"elementor-button-text\">Enviar<\/span>\n\t\t\t\t\t\t\t\t\t\t\t\t\t<\/span>\n\t\t\t\t\t<\/button>\n\t\t\t\t<\/div>\n\t\t\t<\/div>\n\t\t<\/form>\n\t\t\t\t\t\t<\/div>\n\t\t\t\t<\/div>\n\t\t\t\t<\/div>\n\t\t\t\t\t<\/div>\n\t\t\t\t<\/div>\n\t\t<div class=\"elementor-element elementor-element-000c12d e-flex e-con-boxed e-con e-parent\" data-id=\"000c12d\" data-element_type=\"container\" data-e-type=\"container\" data-settings=\"{&quot;jet_parallax_layout_list&quot;:[]}\">\n\t\t\t\t\t<div class=\"e-con-inner\">\n\t\t\t\t\t<\/div>\n\t\t\t\t<\/div>\n\t\t\t\t<\/div>\n\t\t","protected":false},"excerpt":{"rendered":"<p>Foresa Caldasde Reis Avda. de Do\u00f1a Urraca n\u00ba 91 Aptdo. 8Caldas de Reis, Pontevedra, 36650Espanha.Tel: +34 986 059 200 info@foresa.com Terminal Vilagarc\u00eda Muelle del Ferrazo s\/nVillagarc\u00eda de Arosa, Pontevedra, 36600Espanha.Tel: +34 986 059 103terminal@foresa.com Foresa Fran\u00e7a Avenue des industries\u00c1mbares et Lagrave (Carbon-blanccedex), 33565Fran\u00e7a.Tel: +33 556 386 700foresafrance@foresa.com Bresfor Avenida dos BacalhoeirosGafanha da Nazar\u00e9, 3830-553Portugal.Tel: +351 [&hellip;]<\/p>\n","protected":false},"author":1,"featured_media":0,"parent":0,"menu_order":0,"comment_status":"closed","ping_status":"closed","template":"","meta":{"footnotes":""},"class_list":["post-6702","page","type-page","status-publish","hentry"],"_links":{"self":[{"href":"https:\/\/foresa.com\/pt-pt\/wp-json\/wp\/v2\/pages\/6702","targetHints":{"allow":["GET"]}}],"collection":[{"href":"https:\/\/foresa.com\/pt-pt\/wp-json\/wp\/v2\/pages"}],"about":[{"href":"https:\/\/foresa.com\/pt-pt\/wp-json\/wp\/v2\/types\/page"}],"author":[{"embeddable":true,"href":"https:\/\/foresa.com\/pt-pt\/wp-json\/wp\/v2\/users\/1"}],"replies":[{"embeddable":true,"href":"https:\/\/foresa.com\/pt-pt\/wp-json\/wp\/v2\/comments?post=6702"}],"version-history":[{"count":60,"href":"https:\/\/foresa.com\/pt-pt\/wp-json\/wp\/v2\/pages\/6702\/revisions"}],"predecessor-version":[{"id":10502,"href":"https:\/\/foresa.com\/pt-pt\/wp-json\/wp\/v2\/pages\/6702\/revisions\/10502"}],"wp:attachment":[{"href":"https:\/\/foresa.com\/pt-pt\/wp-json\/wp\/v2\/media?parent=6702"}],"curies":[{"name":"wp","href":"https:\/\/api.w.org\/{rel}","templated":true}]}}