{"id":7811,"date":"2023-04-10T19:13:59","date_gmt":"2023-04-10T17:13:59","guid":{"rendered":"https:\/\/foresa.com\/privacy\/"},"modified":"2025-11-27T14:42:15","modified_gmt":"2025-11-27T12:42:15","slug":"privacy","status":"publish","type":"page","link":"https:\/\/foresa.com\/fr\/privacy\/","title":{"rendered":"Privacy"},"content":{"rendered":"\t\t<div data-elementor-type=\"wp-page\" data-elementor-id=\"7811\" class=\"elementor elementor-7811 elementor-3\" data-elementor-post-type=\"page\">\n\t\t\t\t<div class=\"elementor-element elementor-element-3f70ceb e-flex e-con-boxed e-con e-parent\" data-id=\"3f70ceb\" data-element_type=\"container\" data-e-type=\"container\" data-settings=\"{&quot;jet_parallax_layout_list&quot;:[]}\">\n\t\t\t\t\t<div class=\"e-con-inner\">\n\t\t\t\t<div class=\"elementor-element elementor-element-829e655 elementor-widget elementor-widget-text-editor\" data-id=\"829e655\" data-element_type=\"widget\" data-e-type=\"widget\" data-widget_type=\"text-editor.default\">\n\t\t\t\t<div class=\"elementor-widget-container\">\n\t\t\t\t\t\t\t\t\t<h1>Politique de confidentialit\u00e9<\/h1>\r\n<h2>Politique de confidentialit\u00e9 de FORESA, INDUSTRIAS QUIMICAS DEL NOROESTE, S.A.<\/h2>\r\n<p>Conform\u00e9ment \u00e0 la l\u00e9gislation en vigueur en mati\u00e8re de protection des donn\u00e9es, R\u00e8glement (UE) 2016\/679 du Parlement europ\u00e9en et du Conseil du 27 avril 2016 (RGPD), Loi Organique relative \u00e0 la protection des donn\u00e9es personnelles et \u00e0 la garantie des droits num\u00e9riques (LOPGDD, 3\/ 2018 &#8211; Espagne), nous vous informons de la Politique de Protection des Donn\u00e9es Personnelles, en ce qui concerne le traitement des donn\u00e9es personnelles, qui est d\u00e9taill\u00e9e ci-dessous. <\/p>\r\n<h2>Responsable du traitement des donn\u00e9es personnelles<\/h2>\r\n<p>Le responsable du traitement est la personne morale qui d\u00e9termine les finalit\u00e9s et les moyens du traitement des donn\u00e9es personnelles. <\/p>\r\n<p>En d\u2019autres termes, le responsable du traitement d\u00e9cide comment et \u00e0 quelles fins les donn\u00e9es personnelles sont trait\u00e9es. <\/p>\r\n<p>Pour les besoins de la pr\u00e9sente Politique de Protection des Donn\u00e9es, le responsable du traitement des donn\u00e9es personnelles est :\r\n\u2022 Raison sociale : FORESA, INDUSTRIAS QUIMICAS DEL NOROESTE, S.A. (FORESA)\r\n\u2022 NIF (TVA) : A28141224\r\n\u2022  Inscrite au Registre du Commerce de Pontevedra, Feuille PO-9599 Toma 1320 Folio 38\r\n\u2022  Si\u00e8ge social : Avda. <\/p>\r\n<p>de Do\u00f1a Urraca no 91 (Apt. 8), cp 36650 Caldas de Reis (Pontevedra) Espagne\r\n\u2022  T\u00e9l. <\/p>\r\n<p>: +34 986 05 92 00\r\n\u2022  Fax : +34 986 54 08 55\r\n\u2022  e-mail : privacidad@foresa.com\r\nQuelles donn\u00e9es personnelles traitons-nous et comment les prot\u00e9geons-nous ?<\/p>\r\n<p>Les donn\u00e9es personnelles sont toute information concernant une personne physique identifi\u00e9e ou identifiable. <\/p>\r\n<p>Aux fins \u00e9tablies dans la pr\u00e9sente Politique de Confidentialit\u00e9, le responsable collecte et traite les donn\u00e9es personnelles expliqu\u00e9es dans chaque type de traitement, qui d\u00e9pendront des diff\u00e9rents services demand\u00e9s par l&rsquo;utilisateur ou de la relation contractuelle qu&rsquo;il entretient avec notre entit\u00e9. <\/p>\r\n<p>Notre organisation s&rsquo;engage \u00e0 vous traiter en toute confidentialit\u00e9 et \u00e0 appliquer des mesures de s\u00e9curit\u00e9 physiques, techniques et organisationnelles appropri\u00e9es pour prot\u00e9ger vos donn\u00e9es personnelles. <\/p>\r\n<h3>L&rsquo;utilisateur garantit et est responsable, dans tous les cas, de la v\u00e9racit\u00e9, de l&rsquo;exactitude, de la validit\u00e9 et de l&rsquo;authenticit\u00e9 des donn\u00e9es personnelles fournies et s&rsquo;engage \u00e0 les tenir d\u00fbment mises \u00e0 jour.<\/h3>\r\n<h2>Traitement des donn\u00e9es \u00ab Candidatures \u00bb<\/h2>\r\n<p>1. Quel type de donn\u00e9es personnelles traitons-nous ?<\/p>\r\n<ul>\r\n<li>Donn\u00e9es d&rsquo;identification : nom, pi\u00e8ce d&rsquo;identit\u00e9, date de naissance, adresse, t\u00e9l\u00e9phone, adresse email, image.<\/li>\r\n<li>Donn\u00e9es caract\u00e9ristiques personnelles : sexe, \u00e9tat civil, nationalit\u00e9, \u00e2ge, date et lieu de naissance.<\/li>\r\n<li>Donn\u00e9es acad\u00e9miques et professionnelles : profession, poste, exp\u00e9rience, qualifications.<\/li>\r\n<\/ul>\r\n<p>2. Dans quel but traitons-nous vos donn\u00e9es personnelles ?<\/p>\r\n<p>Nous traitons les donn\u00e9es personnelles que vous nous fournissez pour g\u00e9rer les processus de s\u00e9lection de l&rsquo;entreprise.<\/p>\r\n<p>Les donn\u00e9es personnelles fournies seront conserv\u00e9es tant que l&rsquo;int\u00e9ress\u00e9 ne retirera pas son consentement afin que nous puissions continuer \u00e0 conserver son curriculum vitae pour de futurs processus de s\u00e9lection.<\/p>\r\n<p>Dans tous les cas, les CV seront supprim\u00e9s un an apr\u00e8s leur soumission. <\/p>\r\n<p>3. Quelle est la l\u00e9gitimit\u00e9 du traitement de vos donn\u00e9es ?<\/p>\r\n<p>La base juridique du traitement de vos donn\u00e9es est le consentement expr\u00e8s demand\u00e9. <\/p>\r\n<p>4. \u00c0 quels destinataires vos donn\u00e9es seront-elles communiqu\u00e9es ?\r\nVos donn\u00e9es pourront \u00eatre transf\u00e9r\u00e9es \u00e0 des soci\u00e9t\u00e9s du groupe FINSA, un groupe de soci\u00e9t\u00e9s auquel appartient FORESA et dont la soci\u00e9t\u00e9 m\u00e8re est FINANCIERA MADERERA, S.A, pour lesquelles votre consentement est obtenu :\r\nSoci\u00e9t\u00e9s du groupe FINSA vers lesquelles vos donn\u00e9es peuvent \u00eatre transf\u00e9r\u00e9es :\r\n-FINANCIERA MADERERA, S.A\r\n-BRESFOR, INDUSTRIA DO FORMOL, S.A.\r\n-FORESA FRANCE, S.A.S\r\n-NORFIN LOGISTICS, S.L\r\n-FORESA TECHNOLOGIES, S.L. <\/p>\r\n<p>Vos donn\u00e9es personnelles ne seront transf\u00e9r\u00e9es \u00e0 aucune entit\u00e9 ext\u00e9rieure au groupe. <\/p>\r\n<p>Aucun transfert de donn\u00e9es n&rsquo;a lieu en dehors de l&rsquo;UE. <\/p>\r\n<h2>Traitement des donn\u00e9es \u00ab Clients et Fournisseurs \u00bb<\/h2>\r\n<p>1. Quel type de donn\u00e9es personnelles traitons-nous ?<\/p>\r\n<ul>\r\n<li>Donn\u00e9es d&rsquo;identification : nom, CI, adresse, t\u00e9l\u00e9phone, adresse email. <\/li>\r\n<li>Donn\u00e9es financi\u00e8res : compte bancaire, coordonn\u00e9es de carte de cr\u00e9dit. <\/li>\r\n<li>Donn\u00e9es acad\u00e9miques et professionnelles : profession, poste, exp\u00e9rience, qualifications.\r\n\uf0b7 Donn\u00e9es relatives aux transactions : produits et services fournis. <\/li>\r\n<\/ul>\r\n<p>2. Dans quel but traitons-nous vos donn\u00e9es personnelles ?\r\nNous traitons les donn\u00e9es personnelles que vous nous fournissez pour g\u00e9rer les donn\u00e9es des clients et fournisseurs de l&rsquo;entreprise, maintenir la relation commerciale, la gestion comptable, administrative et de facturation, ainsi que les obligations fiscales. <\/p>\r\n<p>Un but de publicit\u00e9 et de prospection commerciale est \u00e9galement pr\u00e9vu, pour entretenir la relation commerciale entre les parties. <\/p>\r\n<p>Les donn\u00e9es personnelles fournies seront conserv\u00e9es aussi longtemps que la relation commerciale sera maintenue. <\/p>\r\n<p>Si vous d\u00e9cidez d&rsquo;annuler vos donn\u00e9es personnelles, celles-ci pourront \u00eatre conserv\u00e9es dans nos bases de donn\u00e9es pendant les d\u00e9lais fix\u00e9s par la loi pour respecter les obligations fiscales et comptables, et seront supprim\u00e9es une fois expir\u00e9s les d\u00e9lais l\u00e9gaux ou applicables susmentionn\u00e9s. <\/p>\r\n<p>3. Quelle est la l\u00e9gitimit\u00e9 du traitement de vos donn\u00e9es ?<\/p>\r\n<p>La base juridique du traitement de vos donn\u00e9es est l&rsquo;ex\u00e9cution d&rsquo;un contrat, ainsi que le respect d&rsquo;une obligation l\u00e9gale du responsable. <\/p>\r\n<p>La communication des offres et promotions susceptibles de vous int\u00e9resser repose sur l&rsquo;int\u00e9r\u00eat l\u00e9gitime de maintenir la relation commerciale entre les parties. <\/p>\r\n<p>4. \u00c0 quels destinataires vos donn\u00e9es seront-elles communiqu\u00e9es ?\r\nVeuillez noter que vos donn\u00e9es pourront \u00eatre communiqu\u00e9es \u00e0 la soci\u00e9t\u00e9 m\u00e8re du Groupe de soci\u00e9t\u00e9s FINSA, \u00e0 savoir FINANCIERA MADERERA, S.A, ou \u00e0 des tiers qui fournissent des services li\u00e9s aux finalit\u00e9s de traitement pour lesquelles les donn\u00e9es ont \u00e9t\u00e9 collect\u00e9es, et sous r\u00e9serve de votre consentement, lorsque cela est n\u00e9cessaire. <\/p>\r\n<p>Par ailleurs, vos donn\u00e9es ne seront pas transf\u00e9r\u00e9es vers des pays hors de l\u2019Union europ\u00e9enne, sauf pour des raisons de fourniture de services techniques, comme par exemple lorsque les serveurs de fournisseurs de syst\u00e8mes ou de ressources technologiques sont h\u00e9berg\u00e9s en dehors de l\u2019Union europ\u00e9enne. <\/p>\r\n<p>Vous pourrez toutefois c\u00e9der vos donn\u00e9es \u00e0 des tiers si ce transfert est requis par la loi, une disposition r\u00e9glementaire ou une d\u00e9cision de justice, ou si cette divulgation est n\u00e9cessaire pour garantir la protection et la d\u00e9fense de vos droits. <\/p>\r\n<p>Vos donn\u00e9es personnelles ne seront transf\u00e9r\u00e9es \u00e0 aucune entit\u00e9, \u00e0 l&rsquo;exception de celles requises par les organismes publics en raison d&rsquo;une obligation l\u00e9gale. <\/p>\r\n<h2>Traitement des donn\u00e9es \u00ab Contacts et clients potentiels \u00bb<\/h2>\r\n<p>1. Quel type de donn\u00e9es personnelles traitons-nous ?<\/p>\r\n<ul>\r\n<li>Donn\u00e9es d&rsquo;identification : nom, adresse, t\u00e9l\u00e9phone, adresse email.<\/li>\r\n<\/ul>\r\n<p>2. Dans quel but traitons-nous vos donn\u00e9es personnelles ?<\/p>\r\n<p>Nous traitons les donn\u00e9es personnelles que vous nous fournissez sur le formulaire de contact pour g\u00e9rer les donn\u00e9es sur les contacts commerciaux et les clients potentiels. <\/p>\r\n<p>Des finalit\u00e9s de publicit\u00e9 et de prospection commerciale sont \u00e9galement pr\u00e9vues, pour lesquelles l&rsquo;accord expr\u00e8s de l&rsquo;int\u00e9ress\u00e9 est demand\u00e9. <\/p>\r\n<p>Les donn\u00e9es personnelles fournies seront conserv\u00e9es aussi longtemps que la relation commerciale sera maintenue. <\/p>\r\n<p>Si vous d\u00e9cidez d&rsquo;annuler vos donn\u00e9es personnelles, elles seront supprim\u00e9es de notre base de donn\u00e9es de contacts. <\/p>\r\n<p>3. Quelle est la l\u00e9gitimit\u00e9 du traitement de vos donn\u00e9es ?<\/p>\r\n<p>La base juridique du traitement de vos donn\u00e9es est le consentement expr\u00e8s demand\u00e9. <\/p>\r\n<p>4. \u00c0 quels destinataires vos donn\u00e9es seront-elles communiqu\u00e9es ?\r\nLes donn\u00e9es pourront \u00eatre communiqu\u00e9es aux responsables du traitement qui effectuent des t\u00e2ches de gestion de l&rsquo;envoi de communications, ainsi que de gestion des r\u00e9seaux sociaux. <\/p>\r\n<p>Il n\u2019y a pas de transferts internationaux de donn\u00e9es vers des pays hors UE. <\/p>\r\n<h2>Traitement des donn\u00e9es \u00ab s\u00e9curit\u00e9 \u00bb<\/h2>\r\n<p>1. Quel type de donn\u00e9es personnelles traitons-nous ? <\/p>\r\n<ul>\r\n<li>Donn\u00e9es d&rsquo;identification : nom, CI, adresse, t\u00e9l\u00e9phone, signature, image\/voix.<\/li>\r\n<\/ul>\r\n<p>2. Dans quel but traitons-nous vos donn\u00e9es personnelles ?<\/p>\r\n<p>Nous traitons les donn\u00e9es personnelles pour assurer la s\u00e9curit\u00e9 des installations de l&rsquo;entreprise en enregistrant des images vid\u00e9o (vid\u00e9osurveillance). <\/p>\r\n<p>Nous traitons \u00e9galement des donn\u00e9es pour g\u00e9rer le contr\u00f4le d&rsquo;acc\u00e8s. <\/p>\r\n<p>Les donn\u00e9es personnelles seront conserv\u00e9es pendant au maximum les dur\u00e9es l\u00e9gales pr\u00e9vues (un mois). <\/p>\r\n<p>3. Quelle est la l\u00e9gitimit\u00e9 du traitement de vos donn\u00e9es ?<\/p>\r\n<p>La base juridique du traitement de vos donn\u00e9es est la satisfaction des int\u00e9r\u00eats l\u00e9gitimes poursuivis par le responsable du traitement. <\/p>\r\n<p>4. \u00c0 quels destinataires vos donn\u00e9es seront-elles communiqu\u00e9es ?\r\nVos donn\u00e9es pourront \u00eatre communiqu\u00e9es \u00e0 PROTECCION E INTEGRIDAD, S.A (PROINSA), l&rsquo;entit\u00e9 responsable du traitement des donn\u00e9es de s\u00e9curit\u00e9, ainsi qu&rsquo;aux entreprises installant et maintenant des services d&rsquo;alarme et de contr\u00f4le d&rsquo;acc\u00e8s. <\/p>\r\n<p>Vos donn\u00e9es personnelles ne seront transf\u00e9r\u00e9es \u00e0 aucune entit\u00e9, \u00e0 l&rsquo;exception de celles n\u00e9cessaires aux forces et organismes de s\u00e9curit\u00e9 en raison d&rsquo;une obligation l\u00e9gale. <\/p>\r\n<p>Aucun transfert international de donn\u00e9es personnelles n\u2019est \u00e9galement pr\u00e9vu.\r\nQuels sont vos droits lorsque vous nous fournissez vos donn\u00e9es ?<\/p>\r\n<p>Conform\u00e9ment \u00e0 la l\u00e9gislation applicable en mati\u00e8re de protection des donn\u00e9es, vous disposez d&rsquo;une s\u00e9rie de droits concernant le traitement de vos donn\u00e9es personnelles. <\/p>\r\n<p>L&rsquo;exercice de ces droits sera gratuit pour l&rsquo;utilisateur, sauf dans le cas de demandes manifestement infond\u00e9es ou excessives, notamment parce qu&rsquo;elles sont r\u00e9p\u00e9titives. <\/p>\r\n<p>Ces droits sont les suivants:\r\na. Droit \u00e0 l&rsquo;information : Vous avez le droit d&rsquo;\u00eatre inform\u00e9 de mani\u00e8re concise, transparente, intelligible et facilement accessible, dans un langage clair et simple, sur l&rsquo;utilisation et le traitement de vos donn\u00e9es personnelles. <\/p>\r\n<p>b. Droit d&rsquo;acc\u00e8s : Vous avez le droit de nous demander, \u00e0 tout moment, de confirmer si nous traitons vos donn\u00e9es personnelles, d&rsquo;acc\u00e9der \u00e0 celles-ci et aux informations sur leur traitement et d&rsquo;obtenir une copie de ces donn\u00e9es. <\/p>\r\n<p>La copie de vos donn\u00e9es personnelles que nous vous fournissons sera gratuite, bien que la demande de copies suppl\u00e9mentaires puisse \u00eatre soumise \u00e0 certains frais bas\u00e9s sur les frais administratifs. <\/p>\r\n<p>De notre c\u00f4t\u00e9, nous pourrons vous demander de justifier de votre identit\u00e9 ou demander des informations compl\u00e9mentaires n\u00e9cessaires au traitement de votre demande. <\/p>\r\n<p>c. Droit de rectification : Vous avez le droit de demander la rectification des donn\u00e9es personnelles inexactes, p\u00e9rim\u00e9es ou incompl\u00e8tes vous concernant. <\/p>\r\n<p>Vous pouvez \u00e9galement demander que soient compl\u00e9t\u00e9es des donn\u00e9es personnelles incompl\u00e8tes, notamment par le biais d\u2019une d\u00e9claration compl\u00e9mentaire. <\/p>\r\n<p>d. Droit de suppression : Vous avez le droit de demander la suppression de vos donn\u00e9es personnelles lorsque, entre autres raisons, les donn\u00e9es ne sont plus n\u00e9cessaires aux fins pour lesquelles elles ont \u00e9t\u00e9 collect\u00e9es.\r\nCependant, ce droit n&rsquo;est pas absolu, notre organisation pourra donc continuer \u00e0 les maintenir d\u00fbment bloqu\u00e9s dans les cas pr\u00e9vus par la l\u00e9gislation applicable. <\/p>\r\n<p>e. Droit \u00e0 la limitation du traitement : Vous avez le droit de demander que nous limitions le traitement de vos donn\u00e9es personnelles, ce qui signifie que nous pouvons continuer \u00e0 les stocker, mais ne pas continuer \u00e0 les traiter si l&rsquo;une des conditions suivantes est remplie :<\/p>\r\n<ul>\r\n<li>si vous contestez l&rsquo;exactitude des donn\u00e9es, pendant une p\u00e9riode permettant au responsable de v\u00e9rifier leur exactitude ; <\/li>\r\n<li>si le traitement est illicite et que l&rsquo;utilisateur s&rsquo;oppose \u00e0 la suppression des donn\u00e9es et demande, \u00e0 la place, la limitation de leur utilisation ; <\/li>\r\n<li>si notre entit\u00e9 n&rsquo;a plus besoin des donn\u00e9es \u00e0 des fins de traitement, mais que l&rsquo;utilisateur en a besoin pour formuler, exercer ou d\u00e9fendre des r\u00e9clamations ; <\/li>\r\n<li>si l&rsquo;utilisateur s&rsquo;oppose au traitement, en v\u00e9rifiant si les raisons l\u00e9gitimes de notre entit\u00e9 pr\u00e9valent sur les v\u00f4tres. <\/li>\r\n<\/ul>\r\n<p>f. Droit \u00e0 la portabilit\u00e9 des donn\u00e9es : L&rsquo;utilisateur a le droit de faire transmettre ses donn\u00e9es \u00e0 un autre responsable du traitement dans un format structur\u00e9, couramment utilis\u00e9 et lisible m\u00e9caniquement. <\/p>\r\n<p>Ce droit s&rsquo;applique lorsque le traitement de vos donn\u00e9es personnelles est bas\u00e9 sur le consentement ou l&rsquo;ex\u00e9cution d&rsquo;un contrat et que ce traitement est effectu\u00e9 \u00e0 l&rsquo;aide de moyens automatis\u00e9s. <\/p>\r\n<p>g. Droit d&rsquo;opposition: Ce droit vous permet de vous opposer au traitement de vos donn\u00e9es personnelles, notamment \u00e0 la cr\u00e9ation de profils. <\/p>\r\n<p>Nous ne pourrons pas respecter vos droits lors du traitement de vos donn\u00e9es si nous prouvons des raisons l\u00e9gitimes pour le traitement ou pour la formulation, l&rsquo;exercice ou la d\u00e9fense de r\u00e9clamations. <\/p>\r\n<p>h. Droit de ne pas \u00eatre soumis \u00e0 des d\u00e9cisions automatis\u00e9es, y compris le profilage : Ce droit vous permet de ne pas \u00eatre soumis \u00e0 une d\u00e9cision bas\u00e9e exclusivement sur un traitement automatis\u00e9, y compris le profilage, qui produit &#8211; telle d\u00e9cision &#8211; des effets juridiques ou qui vous affecte de mani\u00e8re similaire. <\/p>\r\n<p>Sauf si une telle d\u00e9cision est n\u00e9cessaire \u00e0 la conclusion ou \u00e0 l\u2019ex\u00e9cution d\u2019un contrat, est autoris\u00e9e par la loi ou est bas\u00e9e sur le consentement. <\/p>\r\n<p>i. Droit de retirer votre consentement : Si nous avons obtenu votre consentement pour traiter vos donn\u00e9es personnelles en relation avec certaines activit\u00e9s (par exemple, dans le but d&rsquo;envoyer des communications commerciales), vous pouvez retirer votre consentement \u00e0 tout moment. <\/p>\r\n<p>De cette mani\u00e8re, nous n&rsquo;effectuerons plus l&rsquo;activit\u00e9 sp\u00e9cifique pour laquelle vous aviez pr\u00e9alablement donn\u00e9 votre consentement, \u00e0 moins qu&rsquo;il n&rsquo;existe une autre raison justifiant la poursuite du traitement de vos donn\u00e9es \u00e0 ces fins, auquel cas nous vous informerons de cette situation. <\/p>\r\n<p>j. Droit de d\u00e9poser une plainte aupr\u00e8s d&rsquo;une autorit\u00e9 de contr\u00f4le : Vous avez le droit de d\u00e9poser une plainte aupr\u00e8s de l&rsquo;Agence espagnole de protection des donn\u00e9es (AEPD), C\/ Jorge Juan, 6, 28001 Madrid, Espagne + 34 901 100 099 &#8211; +34 912 663 517 (www.agpd.es), ou via l&rsquo;adresse e-mail : https:\/\/sedeagpd.gob.es\/sede-electronicaweb\/vistas\/formQuejasSugerencias\/seleccionarQuejaSugerencia.jsf\r\nVous pouvez exercer les droits indiqu\u00e9s ci-dessus en nous envoyant une communication \u00e0 l&rsquo;adresse physique ou \u00e9lectronique indiqu\u00e9e (privacidad@foresa.com), en fournissant les donn\u00e9es n\u00e9cessaires au traitement de votre demande. <\/p>\r\n<p>Les parties int\u00e9ress\u00e9es peuvent obtenir des informations suppl\u00e9mentaires sur leurs droits sur le site Internet de l&rsquo;Agence espagnole de protection des donn\u00e9es, www.agpd.es.\u00a0\u00bb <\/p>\t\t\t\t\t\t\t\t<\/div>\n\t\t\t\t<\/div>\n\t\t\t\t\t<\/div>\n\t\t\t\t<\/div>\n\t\t\t\t<\/div>\n\t\t","protected":false},"excerpt":{"rendered":"","protected":false},"author":1,"featured_media":0,"parent":0,"menu_order":0,"comment_status":"closed","ping_status":"closed","template":"","meta":{"footnotes":""},"class_list":["post-7811","page","type-page","status-publish","hentry"],"_links":{"self":[{"href":"https:\/\/foresa.com\/fr\/wp-json\/wp\/v2\/pages\/7811","targetHints":{"allow":["GET"]}}],"collection":[{"href":"https:\/\/foresa.com\/fr\/wp-json\/wp\/v2\/pages"}],"about":[{"href":"https:\/\/foresa.com\/fr\/wp-json\/wp\/v2\/types\/page"}],"author":[{"embeddable":true,"href":"https:\/\/foresa.com\/fr\/wp-json\/wp\/v2\/users\/1"}],"replies":[{"embeddable":true,"href":"https:\/\/foresa.com\/fr\/wp-json\/wp\/v2\/comments?post=7811"}],"version-history":[{"count":1,"href":"https:\/\/foresa.com\/fr\/wp-json\/wp\/v2\/pages\/7811\/revisions"}],"predecessor-version":[{"id":9645,"href":"https:\/\/foresa.com\/fr\/wp-json\/wp\/v2\/pages\/7811\/revisions\/9645"}],"wp:attachment":[{"href":"https:\/\/foresa.com\/fr\/wp-json\/wp\/v2\/media?parent=7811"}],"curies":[{"name":"wp","href":"https:\/\/api.w.org\/{rel}","templated":true}]}}