{"id":7330,"date":"2023-07-21T13:06:50","date_gmt":"2023-07-21T11:06:50","guid":{"rendered":"https:\/\/foresa.com\/empleo\/"},"modified":"2025-02-27T23:49:37","modified_gmt":"2025-02-27T21:49:37","slug":"emploi","status":"publish","type":"page","link":"https:\/\/foresa.com\/fr\/emploi\/","title":{"rendered":"Emploi"},"content":{"rendered":"\t\t<div data-elementor-type=\"wp-page\" data-elementor-id=\"7330\" class=\"elementor elementor-7330 elementor-48\" data-elementor-post-type=\"page\">\n\t\t\t\t<div class=\"elementor-element elementor-element-a580a98 e-flex e-con-boxed e-con e-parent\" data-id=\"a580a98\" data-element_type=\"container\" data-e-type=\"container\" data-settings=\"{&quot;jet_parallax_layout_list&quot;:[]}\">\n\t\t\t\t\t<div class=\"e-con-inner\">\n\t\t\t\t<div class=\"elementor-element elementor-element-10c6aad entry-title elementor-widget elementor-widget-heading\" data-id=\"10c6aad\" data-element_type=\"widget\" data-e-type=\"widget\" data-widget_type=\"heading.default\">\n\t\t\t\t<div class=\"elementor-widget-container\">\n\t\t\t\t\t<h1 class=\"elementor-heading-title elementor-size-default\">Emploi<\/h1>\t\t\t\t<\/div>\n\t\t\t\t<\/div>\n\t\t\t\t\t<\/div>\n\t\t\t\t<\/div>\n\t\t<div class=\"elementor-element elementor-element-d5a5c8b e-flex e-con-boxed e-con e-parent\" data-id=\"d5a5c8b\" data-element_type=\"container\" data-e-type=\"container\" data-settings=\"{&quot;jet_parallax_layout_list&quot;:[]}\">\n\t\t\t\t\t<div class=\"e-con-inner\">\n\t\t\t\t<div class=\"elementor-element elementor-element-f7cd7ef elementor-widget elementor-widget-text-editor\" data-id=\"f7cd7ef\" data-element_type=\"widget\" data-e-type=\"widget\" data-widget_type=\"text-editor.default\">\n\t\t\t\t<div class=\"elementor-widget-container\">\n\t\t\t\t\t\t\t\t\t<p><strong>Nous sommes Foresa.<\/strong><br \/>Nous sommes des personnes qui ne se conforment pas. Nous avons des pr\u00e9occupations, de l&rsquo;enthousiasme et le d\u00e9sir d&rsquo;apprendre dans un environnement collaboratif et innovant qui croit en la diversit\u00e9 et l&rsquo;\u00e9galit\u00e9 des chances.<\/p><p>Ici, la curiosit\u00e9 et l&rsquo;esprit d&rsquo;initiative nous permettent de nous adapter facilement au changement, de nous am\u00e9liorer en relevant de nouveaux d\u00e9fis.<\/p><p><strong>Voulez-vous faire partie de cette \u00e9quipe ?<\/strong><\/p>\t\t\t\t\t\t\t\t<\/div>\n\t\t\t\t<\/div>\n\t\t\t\t\t<\/div>\n\t\t\t\t<\/div>\n\t\t<div class=\"elementor-element elementor-element-51b469d e-flex e-con-boxed e-con e-parent\" data-id=\"51b469d\" data-element_type=\"container\" data-e-type=\"container\" data-settings=\"{&quot;jet_parallax_layout_list&quot;:[]}\">\n\t\t\t\t\t<div class=\"e-con-inner\">\n\t\t\t\t<div class=\"elementor-element elementor-element-bf0e1bb elementor-arrows-position-inside elementor-widget elementor-widget-image-carousel\" data-id=\"bf0e1bb\" data-element_type=\"widget\" data-e-type=\"widget\" data-settings=\"{&quot;slides_to_show&quot;:&quot;1&quot;,&quot;navigation&quot;:&quot;arrows&quot;,&quot;autoplay&quot;:&quot;yes&quot;,&quot;pause_on_hover&quot;:&quot;yes&quot;,&quot;pause_on_interaction&quot;:&quot;yes&quot;,&quot;autoplay_speed&quot;:5000,&quot;infinite&quot;:&quot;yes&quot;,&quot;effect&quot;:&quot;slide&quot;,&quot;speed&quot;:500}\" data-widget_type=\"image-carousel.default\">\n\t\t\t\t<div class=\"elementor-widget-container\">\n\t\t\t\t\t\t\t<div class=\"elementor-image-carousel-wrapper swiper\" role=\"region\" aria-roledescription=\"carousel\" aria-label=\"Carrusel de im\u00e1genes\" dir=\"ltr\">\n\t\t\t<div class=\"elementor-image-carousel swiper-wrapper\" aria-live=\"off\">\n\t\t\t\t\t\t\t\t<div class=\"swiper-slide\" role=\"group\" aria-roledescription=\"slide\" aria-label=\"1 sur 4\"><figure class=\"swiper-slide-inner\"><img decoding=\"async\" class=\"swiper-slide-image\" src=\"https:\/\/foresa.com\/wp-content\/uploads\/2025\/01\/Rectangulo-1-1.jpg\" alt=\"Operario\" \/><\/figure><\/div><div class=\"swiper-slide\" role=\"group\" aria-roledescription=\"slide\" aria-label=\"2 sur 4\"><figure class=\"swiper-slide-inner\"><img decoding=\"async\" class=\"swiper-slide-image\" src=\"https:\/\/foresa.com\/wp-content\/uploads\/2025\/01\/alta_DSC01227-1.jpg\" alt=\"Operaria\" \/><\/figure><\/div><div class=\"swiper-slide\" role=\"group\" aria-roledescription=\"slide\" aria-label=\"3 sur 4\"><figure class=\"swiper-slide-inner\"><img decoding=\"async\" class=\"swiper-slide-image\" src=\"https:\/\/foresa.com\/wp-content\/uploads\/2025\/01\/alta_DSC00825-2-1.jpg\" alt=\"Operario\" \/><\/figure><\/div><div class=\"swiper-slide\" role=\"group\" aria-roledescription=\"slide\" aria-label=\"4 sur 4\"><figure class=\"swiper-slide-inner\"><img decoding=\"async\" class=\"swiper-slide-image\" src=\"https:\/\/foresa.com\/wp-content\/uploads\/2025\/01\/2-1.jpg\" alt=\"Operario\" \/><\/figure><\/div>\t\t\t<\/div>\n\t\t\t\t\t\t\t\t\t\t\t\t<div class=\"elementor-swiper-button elementor-swiper-button-prev\" role=\"button\" tabindex=\"0\">\n\t\t\t\t\t\t<svg aria-hidden=\"true\" class=\"e-font-icon-svg e-eicon-chevron-left\" viewBox=\"0 0 1000 1000\" xmlns=\"http:\/\/www.w3.org\/2000\/svg\"><path d=\"M646 125C629 125 613 133 604 142L308 442C296 454 292 471 292 487 292 504 296 521 308 533L604 854C617 867 629 875 646 875 663 875 679 871 692 858 704 846 713 829 713 812 713 796 708 779 692 767L438 487 692 225C700 217 708 204 708 187 708 171 704 154 692 142 675 129 663 125 646 125Z\"><\/path><\/svg>\t\t\t\t\t<\/div>\n\t\t\t\t\t<div class=\"elementor-swiper-button elementor-swiper-button-next\" role=\"button\" tabindex=\"0\">\n\t\t\t\t\t\t<svg aria-hidden=\"true\" class=\"e-font-icon-svg e-eicon-chevron-right\" viewBox=\"0 0 1000 1000\" xmlns=\"http:\/\/www.w3.org\/2000\/svg\"><path d=\"M696 533C708 521 713 504 713 487 713 471 708 454 696 446L400 146C388 133 375 125 354 125 338 125 325 129 313 142 300 154 292 171 292 187 292 204 296 221 308 233L563 492 304 771C292 783 288 800 288 817 288 833 296 850 308 863 321 871 338 875 354 875 371 875 388 867 400 854L696 533Z\"><\/path><\/svg>\t\t\t\t\t<\/div>\n\t\t\t\t\n\t\t\t\t\t\t\t\t\t<\/div>\n\t\t\t\t\t\t<\/div>\n\t\t\t\t<\/div>\n\t\t<div class=\"elementor-element elementor-element-3ee0df5 e-con-full e-flex e-con e-child\" data-id=\"3ee0df5\" data-element_type=\"container\" data-e-type=\"container\" data-settings=\"{&quot;jet_parallax_layout_list&quot;:[]}\">\n\t\t\t\t<div class=\"elementor-element elementor-element-790a49e entry-subtitle elementor-widget elementor-widget-heading\" data-id=\"790a49e\" data-element_type=\"widget\" data-e-type=\"widget\" data-widget_type=\"heading.default\">\n\t\t\t\t<div class=\"elementor-widget-container\">\n\t\t\t\t\t<h2 class=\"elementor-heading-title elementor-size-default\">QUE POUVEZ-VOUS TROUVER ?<\/h2>\t\t\t\t<\/div>\n\t\t\t\t<\/div>\n\t\t\t\t<div class=\"elementor-element elementor-element-e8d365f custom-list elementor-widget elementor-widget-text-editor\" data-id=\"e8d365f\" data-element_type=\"widget\" data-e-type=\"widget\" data-widget_type=\"text-editor.default\">\n\t\t\t\t<div class=\"elementor-widget-container\">\n\t\t\t\t\t\t\t\t\t<p>Plus qu&rsquo;un simple emploi<\/p><ul><li><strong>Travail et formation<\/strong><br \/>Nous cr\u00e9ons les conditions pour que les gens travaillent dans un environnement motivant, innovant et dynamique. Nous formons aux m\u00e9tiers et aux comp\u00e9tences. Nous encourageons la participation \u00e0 des projets transversaux qui permettent de conna\u00eetre l&rsquo;entreprise sous diff\u00e9rents angles.<\/li><li><strong>D\u00e9veloppement<\/strong><br \/>Nous cr\u00e9ons des espaces et des opportunit\u00e9s pour que les gens grandissent, rel\u00e8vent de nouveaux d\u00e9fis et vivent de nouvelles exp\u00e9riences, tra\u00e7ant ainsi leur propre chemin.<\/li><li><strong>La collaboration<\/strong><br \/>Nous concevons le travail comme quelque chose de collaboratif, c&rsquo;est pourquoi nous promouvons des initiatives qui encouragent les relations sociales, le travail d&rsquo;\u00e9quipe et la contribution de l&rsquo;organisation dans son ensemble.<br \/>Ici, vous rencontrerez des personnes qui vous aideront et vous accompagneront dans votre d\u00e9veloppement professionnel.<\/li><\/ul>\t\t\t\t\t\t\t\t<\/div>\n\t\t\t\t<\/div>\n\t\t\t\t<\/div>\n\t\t\t\t\t<\/div>\n\t\t\t\t<\/div>\n\t\t<div class=\"elementor-element elementor-element-aeb90b1 e-flex e-con-boxed e-con e-parent\" data-id=\"aeb90b1\" data-element_type=\"container\" data-e-type=\"container\" data-settings=\"{&quot;jet_parallax_layout_list&quot;:[]}\">\n\t\t\t\t\t<div class=\"e-con-inner\">\n\t\t\t\t<div class=\"elementor-element elementor-element-817e7eb elementor-widget-divider--view-line elementor-widget elementor-widget-divider\" data-id=\"817e7eb\" data-element_type=\"widget\" data-e-type=\"widget\" data-widget_type=\"divider.default\">\n\t\t\t\t<div class=\"elementor-widget-container\">\n\t\t\t\t\t\t\t<div class=\"elementor-divider\">\n\t\t\t<span class=\"elementor-divider-separator\">\n\t\t\t\t\t\t<\/span>\n\t\t<\/div>\n\t\t\t\t\t\t<\/div>\n\t\t\t\t<\/div>\n\t\t\t\t\t<\/div>\n\t\t\t\t<\/div>\n\t\t<div class=\"elementor-element elementor-element-a60fd4c e-flex e-con-boxed e-con e-parent\" data-id=\"a60fd4c\" data-element_type=\"container\" data-e-type=\"container\" data-settings=\"{&quot;jet_parallax_layout_list&quot;:[]}\">\n\t\t\t\t\t<div class=\"e-con-inner\">\n\t\t<div class=\"elementor-element elementor-element-54e0d8b e-con-full e-flex e-con e-child\" data-id=\"54e0d8b\" data-element_type=\"container\" data-e-type=\"container\" data-settings=\"{&quot;jet_parallax_layout_list&quot;:[]}\">\n\t\t\t\t<div class=\"elementor-element elementor-element-78948ca entry-subtitle elementor-widget elementor-widget-heading\" data-id=\"78948ca\" data-element_type=\"widget\" data-e-type=\"widget\" data-widget_type=\"heading.default\">\n\t\t\t\t<div class=\"elementor-widget-container\">\n\t\t\t\t\t<h2 class=\"elementor-heading-title elementor-size-default\">QUI RECHERCHONS-NOUS ?<\/h2>\t\t\t\t<\/div>\n\t\t\t\t<\/div>\n\t\t\t\t<div class=\"elementor-element elementor-element-14896c7 custom-list elementor-widget elementor-widget-text-editor\" data-id=\"14896c7\" data-element_type=\"widget\" data-e-type=\"widget\" data-widget_type=\"text-editor.default\">\n\t\t\t\t<div class=\"elementor-widget-container\">\n\t\t\t\t\t\t\t\t\t<p>Plus qu&rsquo;un simple profil<\/p><ul><li><strong>Esprit critique<\/strong><br \/>Nous recherchons des personnes qui s&rsquo;agitent, qui nous apportent de nouvelles perspectives, une autre fa\u00e7on de voir les choses.<\/li><li><strong>Contribution<\/strong><br \/>Nous cherchons \u00e0 continuer \u00e0 nous d\u00e9velopper avec des personnes qui contribuent au b\u00e9n\u00e9fice commun du reste de l&rsquo;organisation.<\/li><li><strong>Responsabilit\u00e9<\/strong><br \/>Nous recherchons des personnes engag\u00e9es et impliqu\u00e9es, qui se sentent concern\u00e9es par l&rsquo;entreprise.<\/li><li><strong>Connexion<\/strong><br \/>Nous cherchons \u00e0 mettre les gens en contact dans un environnement social et dynamique.<\/li><li><strong>Curiosit\u00e9<\/strong><br \/>Nous cherchons \u00e0 aller plus loin, \u00e0 oser explorer de nouvelles alternatives, de nouvelles fa\u00e7ons de faire.<\/li><li><strong>Proactivit\u00e9<\/strong><br \/>Nous recherchons le dynamisme, l&rsquo;initiative, l&rsquo;enthousiasme, la volont\u00e9 de partager de nouvelles id\u00e9es et de les concr\u00e9tiser.<\/li><\/ul>\t\t\t\t\t\t\t\t<\/div>\n\t\t\t\t<\/div>\n\t\t\t\t<\/div>\n\t\t\t\t<div class=\"elementor-element elementor-element-32b05d7 elementor-widget elementor-widget-image\" data-id=\"32b05d7\" data-element_type=\"widget\" data-e-type=\"widget\" data-widget_type=\"image.default\">\n\t\t\t\t<div class=\"elementor-widget-container\">\n\t\t\t\t\t\t\t\t\t\t\t\t\t\t\t<img fetchpriority=\"high\" decoding=\"async\" width=\"1164\" height=\"1694\" src=\"https:\/\/foresa.com\/wp-content\/uploads\/2025\/01\/talento-02-2.jpg\" class=\"attachment-full size-full wp-image-8557\" alt=\"Cient\u00edfica\" srcset=\"https:\/\/foresa.com\/wp-content\/uploads\/2025\/01\/talento-02-2.jpg 1164w, https:\/\/foresa.com\/wp-content\/uploads\/2025\/01\/talento-02-2-206x300.jpg 206w, https:\/\/foresa.com\/wp-content\/uploads\/2025\/01\/talento-02-2-704x1024.jpg 704w, https:\/\/foresa.com\/wp-content\/uploads\/2025\/01\/talento-02-2-768x1118.jpg 768w, https:\/\/foresa.com\/wp-content\/uploads\/2025\/01\/talento-02-2-1055x1536.jpg 1055w\" sizes=\"(max-width: 1164px) 100vw, 1164px\" \/>\t\t\t\t\t\t\t\t\t\t\t\t\t\t\t<\/div>\n\t\t\t\t<\/div>\n\t\t\t\t\t<\/div>\n\t\t\t\t<\/div>\n\t\t<div class=\"elementor-element elementor-element-902ff99 e-flex e-con-boxed e-con e-parent\" data-id=\"902ff99\" data-element_type=\"container\" data-e-type=\"container\" data-settings=\"{&quot;jet_parallax_layout_list&quot;:[]}\">\n\t\t\t\t\t<div class=\"e-con-inner\">\n\t\t\t\t<div class=\"elementor-element elementor-element-6a8fe1b elementor-widget-divider--view-line elementor-widget elementor-widget-divider\" data-id=\"6a8fe1b\" data-element_type=\"widget\" data-e-type=\"widget\" data-widget_type=\"divider.default\">\n\t\t\t\t<div class=\"elementor-widget-container\">\n\t\t\t\t\t\t\t<div class=\"elementor-divider\">\n\t\t\t<span class=\"elementor-divider-separator\">\n\t\t\t\t\t\t<\/span>\n\t\t<\/div>\n\t\t\t\t\t\t<\/div>\n\t\t\t\t<\/div>\n\t\t\t\t\t<\/div>\n\t\t\t\t<\/div>\n\t\t<div class=\"elementor-element elementor-element-99a9422 e-flex e-con-boxed e-con e-parent\" data-id=\"99a9422\" data-element_type=\"container\" data-e-type=\"container\" data-settings=\"{&quot;jet_parallax_layout_list&quot;:[]}\">\n\t\t\t\t\t<div class=\"e-con-inner\">\n\t\t\t\t<div class=\"elementor-element elementor-element-49d770f entry-subtitle elementor-widget elementor-widget-heading\" data-id=\"49d770f\" data-element_type=\"widget\" data-e-type=\"widget\" data-widget_type=\"heading.default\">\n\t\t\t\t<div class=\"elementor-widget-container\">\n\t\t\t\t\t<h2 class=\"elementor-heading-title elementor-size-default\">TRAVAILLER \u00c0 FORESA<\/h2>\t\t\t\t<\/div>\n\t\t\t\t<\/div>\n\t\t\t\t<div class=\"elementor-element elementor-element-3d14e92 custom-list enla-verde elementor-widget elementor-widget-text-editor\" data-id=\"3d14e92\" data-element_type=\"widget\" data-e-type=\"widget\" data-widget_type=\"text-editor.default\">\n\t\t\t\t<div class=\"elementor-widget-container\">\n\t\t\t\t\t\t\t\t\t<p>En savoir plus sur le processus de s\u00e9lection et sur la mani\u00e8re de soumettre votre CV<\/p><ol><li><strong>Portail de l&#8217;emploi<\/strong><br \/>Envoyez-nous votre CV !<\/li><li><strong>Premier entretien avec l&rsquo;\u00e9quipe du personnel<\/strong><br \/>Si vous avez postul\u00e9 directement \u00e0 un poste et que votre profil semble correspondre, nous vous contacterons pour entamer la proc\u00e9dure d&rsquo;entretien. En r\u00e8gle g\u00e9n\u00e9rale, nous proc\u00e9dons \u00e0 un premier contact t\u00e9l\u00e9phonique et \u00e0 un entretien par appel vid\u00e9o ou en face \u00e0 face. \u00c0 ce stade, nous profitons de l&rsquo;occasion pour vous en dire plus sur Foresa et sur le poste en question, et pour apprendre \u00e0 mieux vous conna\u00eetre. Il se peut \u00e9galement que nous organisions un entretien sans besoin ouvert, afin d&rsquo;identifier des profils int\u00e9ressants en vue de pourvoir des postes vacants \u00e0 l&rsquo;avenir.<\/li><li><strong>Autres entretiens et \u00e9tudes de cas<\/strong><br \/>Tout au long du processus, diff\u00e9rentes personnes jouant un r\u00f4le diff\u00e9rent dans l&rsquo;entreprise peuvent participer afin de donner leur avis sur la personne \u00e9valu\u00e9e et de faire en sorte que la d\u00e9cision soit aussi objective que possible.\u00a0 Dans le m\u00eame temps, vous pourrez d\u00e9couvrir d&rsquo;autres opportunit\u00e9s d&#8217;emploi dans le secteur de la chimie \u00e0 Pontevedra, en Espagne, ou dans d&rsquo;autres sites de l&rsquo;industrie chimique, ainsi que des exp\u00e9riences qui peuvent vous donner une autre perspective d&rsquo;une entreprise du secteur de la chimie.<br \/>L&rsquo;entretien comprend un entretien avec la personne responsable du poste \u00e0 pourvoir, qui analysera si votre profil correspond bien aux exigences du poste. Profitez-en pour poser des questions, c&rsquo;est le meilleur moment ! En fonction du profil et du type de poste \u00e0 pourvoir, des tests sp\u00e9cifiques peuvent \u00eatre effectu\u00e9s tout au long du processus afin d&rsquo;\u00e9valuer les connaissances et les comp\u00e9tences cl\u00e9s pour le poste et de compl\u00e9ter les informations recueillies.<\/li><li><strong>Retour d&rsquo;information<\/strong><br \/>Une fois la proc\u00e9dure termin\u00e9e et la d\u00e9cision prise, l&rsquo;\u00e9quipe du personnel contactera toutes les personnes qui ont particip\u00e9 \u00e0 la proc\u00e9dure afin de les informer. Si vous \u00eates la personne choisie, nous vous enverrons une proposition et si vous d\u00e9cidez de l&rsquo;accepter.<br \/>Nous vous accueillerons chez Foresa !<\/li><\/ol><p>\u00a0<\/p><p>Consultez notre <a href=\"https:\/\/ofertas.foresa.com\/jobs\">portail de l&#8217;emploi <\/a>ici.<\/p><p>Vous pouvez \u00e9galement consulter notre page d&rsquo;entreprise sur <a href=\"https:\/\/www.linkedin.com\/company\/foresa\/\" target=\"_blank\" rel=\"noopener\">LinkedIn<\/a>.<\/p>\t\t\t\t\t\t\t\t<\/div>\n\t\t\t\t<\/div>\n\t\t\t\t\t<\/div>\n\t\t\t\t<\/div>\n\t\t\t\t<\/div>\n\t\t","protected":false},"excerpt":{"rendered":"<p>Nous sommes Foresa.Nous sommes des personnes qui ne se conforment pas. Nous avons des pr\u00e9occupations, de l&rsquo;enthousiasme et le d\u00e9sir d&rsquo;apprendre dans un environnement collaboratif et innovant qui croit en la diversit\u00e9 et l&rsquo;\u00e9galit\u00e9 des chances. Ici, la curiosit\u00e9 et l&rsquo;esprit d&rsquo;initiative nous permettent de nous adapter facilement au changement, de nous am\u00e9liorer en relevant [&hellip;]<\/p>\n","protected":false},"author":1,"featured_media":8549,"parent":0,"menu_order":0,"comment_status":"closed","ping_status":"closed","template":"","meta":{"footnotes":""},"class_list":["post-7330","page","type-page","status-publish","has-post-thumbnail","hentry"],"_links":{"self":[{"href":"https:\/\/foresa.com\/fr\/wp-json\/wp\/v2\/pages\/7330","targetHints":{"allow":["GET"]}}],"collection":[{"href":"https:\/\/foresa.com\/fr\/wp-json\/wp\/v2\/pages"}],"about":[{"href":"https:\/\/foresa.com\/fr\/wp-json\/wp\/v2\/types\/page"}],"author":[{"embeddable":true,"href":"https:\/\/foresa.com\/fr\/wp-json\/wp\/v2\/users\/1"}],"replies":[{"embeddable":true,"href":"https:\/\/foresa.com\/fr\/wp-json\/wp\/v2\/comments?post=7330"}],"version-history":[{"count":14,"href":"https:\/\/foresa.com\/fr\/wp-json\/wp\/v2\/pages\/7330\/revisions"}],"predecessor-version":[{"id":8596,"href":"https:\/\/foresa.com\/fr\/wp-json\/wp\/v2\/pages\/7330\/revisions\/8596"}],"wp:featuredmedia":[{"embeddable":true,"href":"https:\/\/foresa.com\/fr\/wp-json\/wp\/v2\/media\/8549"}],"wp:attachment":[{"href":"https:\/\/foresa.com\/fr\/wp-json\/wp\/v2\/media?parent=7330"}],"curies":[{"name":"wp","href":"https:\/\/api.w.org\/{rel}","templated":true}]}}