{"id":7312,"date":"2023-07-21T12:46:23","date_gmt":"2023-07-21T10:46:23","guid":{"rendered":"https:\/\/foresa.com\/productos-y-servicios\/"},"modified":"2025-02-27T23:54:19","modified_gmt":"2025-02-27T21:54:19","slug":"produits-et-services","status":"publish","type":"page","link":"https:\/\/foresa.com\/fr\/produits-et-services\/","title":{"rendered":"Produits et services"},"content":{"rendered":"\t\t<div data-elementor-type=\"wp-page\" data-elementor-id=\"7312\" class=\"elementor elementor-7312 elementor-37\" data-elementor-post-type=\"page\">\n\t\t\t\t<div class=\"elementor-element elementor-element-cb5eec7 e-flex e-con-boxed e-con e-parent\" data-id=\"cb5eec7\" data-element_type=\"container\" data-e-type=\"container\" data-settings=\"{&quot;jet_parallax_layout_list&quot;:[]}\">\n\t\t\t\t\t<div class=\"e-con-inner\">\n\t\t\t\t<div class=\"elementor-element elementor-element-4f42c61 entry-title elementor-widget elementor-widget-heading\" data-id=\"4f42c61\" data-element_type=\"widget\" data-e-type=\"widget\" data-widget_type=\"heading.default\">\n\t\t\t\t<div class=\"elementor-widget-container\">\n\t\t\t\t\t<h1 class=\"elementor-heading-title elementor-size-default\">Produits et services<\/h1>\t\t\t\t<\/div>\n\t\t\t\t<\/div>\n\t\t<div class=\"elementor-element elementor-element-c16a68f e-con-full e-flex e-con e-child\" data-id=\"c16a68f\" data-element_type=\"container\" data-e-type=\"container\" data-settings=\"{&quot;jet_parallax_layout_list&quot;:[]}\">\n\t\t\t\t<div class=\"elementor-element elementor-element-a829334 elementor-widget elementor-widget-text-editor\" data-id=\"a829334\" data-element_type=\"widget\" data-e-type=\"widget\" data-widget_type=\"text-editor.default\">\n\t\t\t\t<div class=\"elementor-widget-container\">\n\t\t\t\t\t\t\t\t\t<p>Chez Foresa, nous travaillons au d\u00e9veloppement et \u00e0 la production industrielle d&rsquo;une large gamme de produits et de solutions chimiques pour des secteurs tels que la construction, la d\u00e9coration, l&rsquo;automobile ou les loisirs, entre autres.<\/p><p>Nous offrons \u00e0 nos clients des solutions et des services, de l&rsquo;assistance technique aux conseils techniques\/technologiques et r\u00e9glementaires, ainsi que des solutions dans le domaine de la durabilit\u00e9, avec des produits qui r\u00e9duisent l&#8217;empreinte carbone&#8230; et\/ou d&rsquo;origine biog\u00e8ne.<\/p>\t\t\t\t\t\t\t\t<\/div>\n\t\t\t\t<\/div>\n\t\t\t\t<\/div>\n\t\t<div class=\"elementor-element elementor-element-c893a89 e-flex e-con-boxed e-con e-child\" data-id=\"c893a89\" data-element_type=\"container\" data-e-type=\"container\" data-settings=\"{&quot;jet_parallax_layout_list&quot;:[]}\">\n\t\t\t\t\t<div class=\"e-con-inner\">\n\t\t<a class=\"elementor-element elementor-element-83cdf15 cuad-subhome e-flex e-con-boxed e-con e-child\" data-id=\"83cdf15\" data-element_type=\"container\" data-e-type=\"container\" data-settings=\"{&quot;background_background&quot;:&quot;slideshow&quot;,&quot;background_slideshow_gallery&quot;:[{&quot;id&quot;:6226,&quot;url&quot;:&quot;https:\\\/\\\/foresa.com\\\/wp-content\\\/uploads\\\/2024\\\/12\\\/Productos.png&quot;},{&quot;id&quot;:6230,&quot;url&quot;:&quot;https:\\\/\\\/foresa.com\\\/wp-content\\\/uploads\\\/2024\\\/12\\\/Productos2.png&quot;}],&quot;jet_parallax_layout_list&quot;:[],&quot;background_slideshow_loop&quot;:&quot;yes&quot;,&quot;background_slideshow_slide_duration&quot;:5000,&quot;background_slideshow_slide_transition&quot;:&quot;fade&quot;,&quot;background_slideshow_transition_duration&quot;:500}\" href=\"\/fr\/produits\/\">\n\t\t\t\t\t<div class=\"e-con-inner\">\n\t\t<div class=\"elementor-element elementor-element-a65a9db e-con-full e-flex e-con e-child\" data-id=\"a65a9db\" data-element_type=\"container\" data-e-type=\"container\" data-settings=\"{&quot;background_background&quot;:&quot;classic&quot;,&quot;jet_parallax_layout_list&quot;:[]}\">\n\t\t\t\t<div class=\"elementor-element elementor-element-d5aa44d elementor-widget elementor-widget-heading\" data-id=\"d5aa44d\" data-element_type=\"widget\" data-e-type=\"widget\" data-widget_type=\"heading.default\">\n\t\t\t\t<div class=\"elementor-widget-container\">\n\t\t\t\t\t<h2 class=\"elementor-heading-title elementor-size-default\">Produits<\/h2>\t\t\t\t<\/div>\n\t\t\t\t<\/div>\n\t\t\t\t<\/div>\n\t\t\t\t\t<\/div>\n\t\t\t\t<\/a>\n\t\t<a class=\"elementor-element elementor-element-6f350e6 cuad-subhome e-flex e-con-boxed e-con e-child\" data-id=\"6f350e6\" data-element_type=\"container\" data-e-type=\"container\" data-settings=\"{&quot;background_background&quot;:&quot;slideshow&quot;,&quot;background_slideshow_gallery&quot;:[{&quot;id&quot;:2535,&quot;url&quot;:&quot;https:\\\/\\\/foresa.com\\\/wp-content\\\/uploads\\\/2023\\\/10\\\/servicios.png&quot;}],&quot;jet_parallax_layout_list&quot;:[],&quot;background_slideshow_loop&quot;:&quot;yes&quot;,&quot;background_slideshow_slide_duration&quot;:5000,&quot;background_slideshow_slide_transition&quot;:&quot;fade&quot;,&quot;background_slideshow_transition_duration&quot;:500}\" href=\"\/fr\/services\/\">\n\t\t\t\t\t<div class=\"e-con-inner\">\n\t\t<div class=\"elementor-element elementor-element-b16bed1 e-con-full e-flex e-con e-child\" data-id=\"b16bed1\" data-element_type=\"container\" data-e-type=\"container\" data-settings=\"{&quot;background_background&quot;:&quot;classic&quot;,&quot;jet_parallax_layout_list&quot;:[]}\">\n\t\t\t\t<div class=\"elementor-element elementor-element-7ce5d7c elementor-widget elementor-widget-heading\" data-id=\"7ce5d7c\" data-element_type=\"widget\" data-e-type=\"widget\" data-widget_type=\"heading.default\">\n\t\t\t\t<div class=\"elementor-widget-container\">\n\t\t\t\t\t<h2 class=\"elementor-heading-title elementor-size-default\">Services<\/h2>\t\t\t\t<\/div>\n\t\t\t\t<\/div>\n\t\t\t\t<\/div>\n\t\t\t\t\t<\/div>\n\t\t\t\t<\/a>\n\t\t\t\t\t<\/div>\n\t\t\t\t<\/div>\n\t\t\t\t\t<\/div>\n\t\t\t\t<\/div>\n\t\t\t\t<\/div>\n\t\t","protected":false},"excerpt":{"rendered":"<p>Chez Foresa, nous travaillons au d\u00e9veloppement et \u00e0 la production industrielle d&rsquo;une large gamme de produits et de solutions chimiques pour des secteurs tels que la construction, la d\u00e9coration, l&rsquo;automobile ou les loisirs, entre autres. Nous offrons \u00e0 nos clients des solutions et des services, de l&rsquo;assistance technique aux conseils techniques\/technologiques et r\u00e9glementaires, ainsi que [&hellip;]<\/p>\n","protected":false},"author":1,"featured_media":0,"parent":0,"menu_order":0,"comment_status":"closed","ping_status":"closed","template":"","meta":{"footnotes":""},"class_list":["post-7312","page","type-page","status-publish","hentry"],"_links":{"self":[{"href":"https:\/\/foresa.com\/fr\/wp-json\/wp\/v2\/pages\/7312","targetHints":{"allow":["GET"]}}],"collection":[{"href":"https:\/\/foresa.com\/fr\/wp-json\/wp\/v2\/pages"}],"about":[{"href":"https:\/\/foresa.com\/fr\/wp-json\/wp\/v2\/types\/page"}],"author":[{"embeddable":true,"href":"https:\/\/foresa.com\/fr\/wp-json\/wp\/v2\/users\/1"}],"replies":[{"embeddable":true,"href":"https:\/\/foresa.com\/fr\/wp-json\/wp\/v2\/comments?post=7312"}],"version-history":[{"count":11,"href":"https:\/\/foresa.com\/fr\/wp-json\/wp\/v2\/pages\/7312\/revisions"}],"predecessor-version":[{"id":7952,"href":"https:\/\/foresa.com\/fr\/wp-json\/wp\/v2\/pages\/7312\/revisions\/7952"}],"wp:attachment":[{"href":"https:\/\/foresa.com\/fr\/wp-json\/wp\/v2\/media?parent=7312"}],"curies":[{"name":"wp","href":"https:\/\/api.w.org\/{rel}","templated":true}]}}