{"id":7302,"date":"2024-07-08T13:42:58","date_gmt":"2024-07-08T11:42:58","guid":{"rendered":"https:\/\/foresa.com\/sostenibilidad-y-certificaciones\/"},"modified":"2025-11-27T14:43:43","modified_gmt":"2025-11-27T12:43:43","slug":"durabilite-et-certifications","status":"publish","type":"page","link":"https:\/\/foresa.com\/fr\/durabilite-et-certifications\/","title":{"rendered":"Durabilit\u00e9 et certifications"},"content":{"rendered":"\t\t<div data-elementor-type=\"wp-page\" data-elementor-id=\"7302\" class=\"elementor elementor-7302 elementor-3709\" data-elementor-post-type=\"page\">\n\t\t\t\t<div class=\"elementor-element elementor-element-1dd9528 e-flex e-con-boxed e-con e-parent\" data-id=\"1dd9528\" data-element_type=\"container\" data-e-type=\"container\" data-settings=\"{&quot;jet_parallax_layout_list&quot;:[]}\">\n\t\t\t\t\t<div class=\"e-con-inner\">\n\t\t\t\t<div class=\"elementor-element elementor-element-6f02a9a entry-title elementor-widget elementor-widget-heading\" data-id=\"6f02a9a\" data-element_type=\"widget\" data-e-type=\"widget\" data-widget_type=\"heading.default\">\n\t\t\t\t<div class=\"elementor-widget-container\">\n\t\t\t\t\t<h1 class=\"elementor-heading-title elementor-size-default\">Durabilit\u00e9 et certifications<\/h1>\t\t\t\t<\/div>\n\t\t\t\t<\/div>\n\t\t<div class=\"elementor-element elementor-element-4b66ba7 e-con-full e-flex e-con e-child\" data-id=\"4b66ba7\" data-element_type=\"container\" data-e-type=\"container\" data-settings=\"{&quot;jet_parallax_layout_list&quot;:[]}\">\n\t\t\t\t<div class=\"elementor-element elementor-element-53a520e lista-cuad elementor-widget elementor-widget-text-editor\" data-id=\"53a520e\" data-element_type=\"widget\" data-e-type=\"widget\" data-widget_type=\"text-editor.default\">\n\t\t\t\t<div class=\"elementor-widget-container\">\n\t\t\t\t\t\t\t\t\t<p>Chez FORESA, nous sommes conscients de l&rsquo;impact que l&rsquo;industrie chimique peut avoir sur l&rsquo;environnement. C&rsquo;est pourquoi nous nous engageons \u00e0 fabriquer des produits durables et \u00e0 r\u00e9duire notre impact sur l&rsquo;environnement. C&rsquo;est pourquoi, sur la base de notre ADN, nous <strong>travaillons \u00e0:<\/strong><\/p>\n<ul>\n<li>Minimiser l&rsquo;utilisation des ressources naturelles et \u00e9nerg\u00e9tiques.<\/li>\n<li>R\u00e9duire les \u00e9missions de gaz \u00e0 effet de serre.<\/li>\n<li>Utiliser des mati\u00e8res premi\u00e8res durables.<\/li>\n<li>D\u00e9velopper des produits biod\u00e9gradables et recyclables.<\/li>\n<li>Mettre en \u0153uvre des pratiques de production responsables.<\/li>\n<\/ul>\n<p><strong><br>Nous sommes fiers d&rsquo;avoir comme piliers et comme base et d\u00e9veloppement au jour le jour.<\/strong><\/p>\t\t\t\t\t\t\t\t<\/div>\n\t\t\t\t<\/div>\n\t\t\t\t<\/div>\n\t\t\t\t\t<\/div>\n\t\t\t\t<\/div>\n\t\t<div class=\"elementor-element elementor-element-a185828 e-flex e-con-boxed e-con e-child\" data-id=\"a185828\" data-element_type=\"container\" data-e-type=\"container\" data-settings=\"{&quot;jet_parallax_layout_list&quot;:[]}\">\n\t\t\t\t\t<div class=\"e-con-inner\">\n\t\t<a class=\"elementor-element elementor-element-f3b724e cuad-subhome e-flex e-con-boxed e-con e-child\" data-id=\"f3b724e\" data-element_type=\"container\" data-e-type=\"container\" data-settings=\"{&quot;background_background&quot;:&quot;classic&quot;,&quot;jet_parallax_layout_list&quot;:[]}\" href=\"https:\/\/foresa.com\/fr\/durabilite-et-certifications\/durabilite\/\">\n\t\t\t\t\t<div class=\"e-con-inner\">\n\t\t<div class=\"elementor-element elementor-element-4489ee2 e-con-full e-flex e-con e-child\" data-id=\"4489ee2\" data-element_type=\"container\" data-e-type=\"container\" data-settings=\"{&quot;background_background&quot;:&quot;classic&quot;,&quot;jet_parallax_layout_list&quot;:[]}\">\n\t\t\t\t<div class=\"elementor-element elementor-element-87e8006 elementor-widget elementor-widget-heading\" data-id=\"87e8006\" data-element_type=\"widget\" data-e-type=\"widget\" data-widget_type=\"heading.default\">\n\t\t\t\t<div class=\"elementor-widget-container\">\n\t\t\t\t\t<h2 class=\"elementor-heading-title elementor-size-default\">Durabilit\u00e9 et Certificats<\/h2>\t\t\t\t<\/div>\n\t\t\t\t<\/div>\n\t\t\t\t<\/div>\n\t\t\t\t\t<\/div>\n\t\t\t\t<\/a>\n\t\t<a class=\"elementor-element elementor-element-b54108e cuad-subhome e-flex e-con-boxed e-con e-child\" data-id=\"b54108e\" data-element_type=\"container\" data-e-type=\"container\" data-settings=\"{&quot;background_background&quot;:&quot;slideshow&quot;,&quot;background_slideshow_gallery&quot;:[{&quot;id&quot;:3721,&quot;url&quot;:&quot;https:\\\/\\\/foresa.com\\\/wp-content\\\/uploads\\\/2024\\\/07\\\/certificaciones.jpg&quot;}],&quot;jet_parallax_layout_list&quot;:[],&quot;background_slideshow_loop&quot;:&quot;yes&quot;,&quot;background_slideshow_slide_duration&quot;:5000,&quot;background_slideshow_slide_transition&quot;:&quot;fade&quot;,&quot;background_slideshow_transition_duration&quot;:500}\" href=\"https:\/\/foresa.com\/fr\/durabilite-et-certifications\/certifications\/\">\n\t\t\t\t\t<div class=\"e-con-inner\">\n\t\t<div class=\"elementor-element elementor-element-cac05bf e-con-full e-flex e-con e-child\" data-id=\"cac05bf\" data-element_type=\"container\" data-e-type=\"container\" data-settings=\"{&quot;background_background&quot;:&quot;classic&quot;,&quot;jet_parallax_layout_list&quot;:[]}\">\n\t\t\t\t<div class=\"elementor-element elementor-element-ffd9510 elementor-widget elementor-widget-heading\" data-id=\"ffd9510\" data-element_type=\"widget\" data-e-type=\"widget\" data-widget_type=\"heading.default\">\n\t\t\t\t<div class=\"elementor-widget-container\">\n\t\t\t\t\t<h2 class=\"elementor-heading-title elementor-size-default\">Certifications<\/h2>\t\t\t\t<\/div>\n\t\t\t\t<\/div>\n\t\t\t\t<\/div>\n\t\t\t\t\t<\/div>\n\t\t\t\t<\/a>\n\t\t\t\t\t<\/div>\n\t\t\t\t<\/div>\n\t\t\t\t<\/div>\n\t\t","protected":false},"excerpt":{"rendered":"<p>Chez FORESA, nous sommes conscients de l&rsquo;impact que l&rsquo;industrie chimique peut avoir sur l&rsquo;environnement. C&rsquo;est pourquoi nous nous engageons \u00e0 fabriquer des produits durables et \u00e0 r\u00e9duire notre impact sur l&rsquo;environnement. C&rsquo;est pourquoi, sur la base de notre ADN, nous travaillons \u00e0: Minimiser l&rsquo;utilisation des ressources naturelles et \u00e9nerg\u00e9tiques. R\u00e9duire les \u00e9missions de gaz \u00e0 [&hellip;]<\/p>\n","protected":false},"author":1,"featured_media":0,"parent":0,"menu_order":0,"comment_status":"closed","ping_status":"closed","template":"elementor_theme","meta":{"footnotes":""},"class_list":["post-7302","page","type-page","status-publish","hentry"],"_links":{"self":[{"href":"https:\/\/foresa.com\/fr\/wp-json\/wp\/v2\/pages\/7302","targetHints":{"allow":["GET"]}}],"collection":[{"href":"https:\/\/foresa.com\/fr\/wp-json\/wp\/v2\/pages"}],"about":[{"href":"https:\/\/foresa.com\/fr\/wp-json\/wp\/v2\/types\/page"}],"author":[{"embeddable":true,"href":"https:\/\/foresa.com\/fr\/wp-json\/wp\/v2\/users\/1"}],"replies":[{"embeddable":true,"href":"https:\/\/foresa.com\/fr\/wp-json\/wp\/v2\/comments?post=7302"}],"version-history":[{"count":22,"href":"https:\/\/foresa.com\/fr\/wp-json\/wp\/v2\/pages\/7302\/revisions"}],"predecessor-version":[{"id":9623,"href":"https:\/\/foresa.com\/fr\/wp-json\/wp\/v2\/pages\/7302\/revisions\/9623"}],"wp:attachment":[{"href":"https:\/\/foresa.com\/fr\/wp-json\/wp\/v2\/media?parent=7302"}],"curies":[{"name":"wp","href":"https:\/\/api.w.org\/{rel}","templated":true}]}}